{"id":5111,"date":"2018-10-03T21:03:38","date_gmt":"2018-10-03T21:03:38","guid":{"rendered":"https:\/\/www.autema.com\/serveis\/area-de-clientes\/"},"modified":"2019-07-29T13:57:52","modified_gmt":"2019-07-29T13:57:52","slug":"area-de-clients","status":"publish","type":"page","link":"https:\/\/www.autema.com\/ca\/serveis\/area-de-clients\/","title":{"rendered":"\u00c0rea de clients"},"content":{"rendered":"","protected":false},"excerpt":{"rendered":"","protected":false},"featured_media":0,"parent":5530,"menu_order":0,"comment_status":"closed","ping_status":"closed","template":"template-level_3.php","meta":{"_acf_changed":false,"footnotes":""},"class_list":["post-5111","page","type-page","status-publish","hentry"],"acf":[],"yoast_head":"<!-- This site is optimized with the Yoast SEO plugin v27.5 - https:\/\/yoast.com\/product\/yoast-seo-wordpress\/ -->\n<title>\u00c0rea de clients - Autopista Sant-Cugat Terrassa Manresa | C16 - E9<\/title>\n<meta name=\"description\" content=\"Si necessiteu m\u00e9s informaci\u00f3 sobre les tarifes o descomptes, rebre la teva factura electr\u00f2nica, o fer un suggeriment, si us plau contacta amb Autema a trav\u00e9s de l&#039;\u00c0rea de clients.\" \/>\n<meta name=\"robots\" content=\"index, follow, max-snippet:-1, max-image-preview:large, max-video-preview:-1\" \/>\n<link rel=\"canonical\" href=\"https:\/\/www.autema.com\/ca\/serveis\/area-de-clients\/\" \/>\n<meta property=\"og:locale\" content=\"ca_ES\" \/>\n<meta property=\"og:type\" content=\"article\" \/>\n<meta property=\"og:title\" content=\"\u00c0rea de clients - Autopista Sant-Cugat Terrassa Manresa | C16 - E9\" \/>\n<meta property=\"og:description\" content=\"Si necessiteu m\u00e9s informaci\u00f3 sobre les tarifes o descomptes, rebre la teva factura electr\u00f2nica, o fer un suggeriment, si us plau contacta amb Autema a trav\u00e9s de l&#039;\u00c0rea de clients.\" \/>\n<meta property=\"og:url\" content=\"https:\/\/www.autema.com\/ca\/serveis\/area-de-clients\/\" \/>\n<meta property=\"og:site_name\" content=\"Autopista Sant-Cugat Terrassa Manresa | C16 - E9\" \/>\n<meta property=\"article:modified_time\" content=\"2019-07-29T13:57:52+00:00\" \/>\n<meta name=\"twitter:card\" content=\"summary_large_image\" \/>\n<script type=\"application\/ld+json\" class=\"yoast-schema-graph\">{\"@context\":\"https:\\\/\\\/schema.org\",\"@graph\":[{\"@type\":\"WebPage\",\"@id\":\"https:\\\/\\\/www.autema.com\\\/ca\\\/serveis\\\/area-de-clients\\\/\",\"url\":\"https:\\\/\\\/www.autema.com\\\/ca\\\/serveis\\\/area-de-clients\\\/\",\"name\":\"\u00c0rea de clients - Autopista Sant-Cugat Terrassa Manresa | C16 - E9\",\"isPartOf\":{\"@id\":\"https:\\\/\\\/www.autema.com\\\/es\\\/#website\"},\"datePublished\":\"2018-10-03T21:03:38+00:00\",\"dateModified\":\"2019-07-29T13:57:52+00:00\",\"description\":\"Si necessiteu m\u00e9s informaci\u00f3 sobre les tarifes o descomptes, rebre la teva factura electr\u00f2nica, o fer un suggeriment, si us plau contacta amb Autema a trav\u00e9s de l'\u00c0rea de clients.\",\"breadcrumb\":{\"@id\":\"https:\\\/\\\/www.autema.com\\\/ca\\\/serveis\\\/area-de-clients\\\/#breadcrumb\"},\"inLanguage\":\"ca\",\"potentialAction\":[{\"@type\":\"ReadAction\",\"target\":[\"https:\\\/\\\/www.autema.com\\\/ca\\\/serveis\\\/area-de-clients\\\/\"]}]},{\"@type\":\"BreadcrumbList\",\"@id\":\"https:\\\/\\\/www.autema.com\\\/ca\\\/serveis\\\/area-de-clients\\\/#breadcrumb\",\"itemListElement\":[{\"@type\":\"ListItem\",\"position\":1,\"name\":\"Home\",\"item\":\"https:\\\/\\\/www.autema.com\\\/ca\\\/home-autema-autopista-de-sant-cugat-terrassa-manresa\\\/\"},{\"@type\":\"ListItem\",\"position\":2,\"name\":\"Serveis\",\"item\":\"https:\\\/\\\/www.autema.com\\\/ca\\\/serveis\\\/\"},{\"@type\":\"ListItem\",\"position\":3,\"name\":\"\u00c0rea de clients\"}]},{\"@type\":\"WebSite\",\"@id\":\"https:\\\/\\\/www.autema.com\\\/es\\\/#website\",\"url\":\"https:\\\/\\\/www.autema.com\\\/es\\\/\",\"name\":\"Autopista Sant-Cugat Terrassa Manresa | C16 - E9\",\"description\":\"Autopista Sant-Cugat Terrassa Manresa | C16 - E9\",\"publisher\":{\"@id\":\"https:\\\/\\\/www.autema.com\\\/es\\\/#organization\"},\"potentialAction\":[{\"@type\":\"SearchAction\",\"target\":{\"@type\":\"EntryPoint\",\"urlTemplate\":\"https:\\\/\\\/www.autema.com\\\/es\\\/?s={search_term_string}\"},\"query-input\":{\"@type\":\"PropertyValueSpecification\",\"valueRequired\":true,\"valueName\":\"search_term_string\"}}],\"inLanguage\":\"ca\"},{\"@type\":\"Organization\",\"@id\":\"https:\\\/\\\/www.autema.com\\\/es\\\/#organization\",\"name\":\"Autema - Autopista Terrassa-Manresa, S.A.\",\"url\":\"https:\\\/\\\/www.autema.com\\\/es\\\/\",\"logo\":{\"@type\":\"ImageObject\",\"inLanguage\":\"ca\",\"@id\":\"https:\\\/\\\/www.autema.com\\\/es\\\/#\\\/schema\\\/logo\\\/image\\\/\",\"url\":\"https:\\\/\\\/static.autema.com\\\/wp-content\\\/uploads\\\/2018\\\/10\\\/01165821\\\/logo-color-2.svg\",\"contentUrl\":\"https:\\\/\\\/static.autema.com\\\/wp-content\\\/uploads\\\/2018\\\/10\\\/01165821\\\/logo-color-2.svg\",\"width\":1,\"height\":1,\"caption\":\"Autema - Autopista Terrassa-Manresa, S.A.\"},\"image\":{\"@id\":\"https:\\\/\\\/www.autema.com\\\/es\\\/#\\\/schema\\\/logo\\\/image\\\/\"}}]}<\/script>\n<!-- \/ Yoast SEO plugin. -->","yoast_head_json":{"title":"\u00c0rea de clients - Autopista Sant-Cugat Terrassa Manresa | C16 - E9","description":"Si necessiteu m\u00e9s informaci\u00f3 sobre les tarifes o descomptes, rebre la teva factura electr\u00f2nica, o fer un suggeriment, si us plau contacta amb Autema a trav\u00e9s de l'\u00c0rea de clients.","robots":{"index":"index","follow":"follow","max-snippet":"max-snippet:-1","max-image-preview":"max-image-preview:large","max-video-preview":"max-video-preview:-1"},"canonical":"https:\/\/www.autema.com\/ca\/serveis\/area-de-clients\/","og_locale":"ca_ES","og_type":"article","og_title":"\u00c0rea de clients - Autopista Sant-Cugat Terrassa Manresa | C16 - E9","og_description":"Si necessiteu m\u00e9s informaci\u00f3 sobre les tarifes o descomptes, rebre la teva factura electr\u00f2nica, o fer un suggeriment, si us plau contacta amb Autema a trav\u00e9s de l'\u00c0rea de clients.","og_url":"https:\/\/www.autema.com\/ca\/serveis\/area-de-clients\/","og_site_name":"Autopista Sant-Cugat Terrassa Manresa | C16 - E9","article_modified_time":"2019-07-29T13:57:52+00:00","twitter_card":"summary_large_image","schema":{"@context":"https:\/\/schema.org","@graph":[{"@type":"WebPage","@id":"https:\/\/www.autema.com\/ca\/serveis\/area-de-clients\/","url":"https:\/\/www.autema.com\/ca\/serveis\/area-de-clients\/","name":"\u00c0rea de clients - Autopista Sant-Cugat Terrassa Manresa | C16 - E9","isPartOf":{"@id":"https:\/\/www.autema.com\/es\/#website"},"datePublished":"2018-10-03T21:03:38+00:00","dateModified":"2019-07-29T13:57:52+00:00","description":"Si necessiteu m\u00e9s informaci\u00f3 sobre les tarifes o descomptes, rebre la teva factura electr\u00f2nica, o fer un suggeriment, si us plau contacta amb Autema a trav\u00e9s de l'\u00c0rea de clients.","breadcrumb":{"@id":"https:\/\/www.autema.com\/ca\/serveis\/area-de-clients\/#breadcrumb"},"inLanguage":"ca","potentialAction":[{"@type":"ReadAction","target":["https:\/\/www.autema.com\/ca\/serveis\/area-de-clients\/"]}]},{"@type":"BreadcrumbList","@id":"https:\/\/www.autema.com\/ca\/serveis\/area-de-clients\/#breadcrumb","itemListElement":[{"@type":"ListItem","position":1,"name":"Home","item":"https:\/\/www.autema.com\/ca\/home-autema-autopista-de-sant-cugat-terrassa-manresa\/"},{"@type":"ListItem","position":2,"name":"Serveis","item":"https:\/\/www.autema.com\/ca\/serveis\/"},{"@type":"ListItem","position":3,"name":"\u00c0rea de clients"}]},{"@type":"WebSite","@id":"https:\/\/www.autema.com\/es\/#website","url":"https:\/\/www.autema.com\/es\/","name":"Autopista Sant-Cugat Terrassa Manresa | C16 - E9","description":"Autopista Sant-Cugat Terrassa Manresa | C16 - E9","publisher":{"@id":"https:\/\/www.autema.com\/es\/#organization"},"potentialAction":[{"@type":"SearchAction","target":{"@type":"EntryPoint","urlTemplate":"https:\/\/www.autema.com\/es\/?s={search_term_string}"},"query-input":{"@type":"PropertyValueSpecification","valueRequired":true,"valueName":"search_term_string"}}],"inLanguage":"ca"},{"@type":"Organization","@id":"https:\/\/www.autema.com\/es\/#organization","name":"Autema - Autopista Terrassa-Manresa, S.A.","url":"https:\/\/www.autema.com\/es\/","logo":{"@type":"ImageObject","inLanguage":"ca","@id":"https:\/\/www.autema.com\/es\/#\/schema\/logo\/image\/","url":"https:\/\/static.autema.com\/wp-content\/uploads\/2018\/10\/01165821\/logo-color-2.svg","contentUrl":"https:\/\/static.autema.com\/wp-content\/uploads\/2018\/10\/01165821\/logo-color-2.svg","width":1,"height":1,"caption":"Autema - Autopista Terrassa-Manresa, S.A."},"image":{"@id":"https:\/\/www.autema.com\/es\/#\/schema\/logo\/image\/"}}]}},"_links":{"self":[{"href":"https:\/\/www.autema.com\/ca\/wp-json\/wp\/v2\/pages\/5111","targetHints":{"allow":["GET"]}}],"collection":[{"href":"https:\/\/www.autema.com\/ca\/wp-json\/wp\/v2\/pages"}],"about":[{"href":"https:\/\/www.autema.com\/ca\/wp-json\/wp\/v2\/types\/page"}],"replies":[{"embeddable":true,"href":"https:\/\/www.autema.com\/ca\/wp-json\/wp\/v2\/comments?post=5111"}],"version-history":[{"count":7,"href":"https:\/\/www.autema.com\/ca\/wp-json\/wp\/v2\/pages\/5111\/revisions"}],"predecessor-version":[{"id":6397,"href":"https:\/\/www.autema.com\/ca\/wp-json\/wp\/v2\/pages\/5111\/revisions\/6397"}],"up":[{"embeddable":true,"href":"https:\/\/www.autema.com\/ca\/wp-json\/wp\/v2\/pages\/5530"}],"wp:attachment":[{"href":"https:\/\/www.autema.com\/ca\/wp-json\/wp\/v2\/media?parent=5111"}],"curies":[{"name":"wp","href":"https:\/\/api.w.org\/{rel}","templated":true}]}}