{"id":5122,"date":"2018-10-03T21:04:06","date_gmt":"2018-10-03T21:04:06","guid":{"rendered":"https:\/\/www.autema.com\/serveis\/faqs\/"},"modified":"2024-10-18T10:10:37","modified_gmt":"2024-10-18T10:10:37","slug":"faqs","status":"publish","type":"page","link":"https:\/\/www.autema.com\/ca\/serveis\/faqs\/","title":{"rendered":"Preguntes freq\u00fcents"},"content":{"rendered":"","protected":false},"excerpt":{"rendered":"","protected":false},"featured_media":0,"parent":5530,"menu_order":0,"comment_status":"closed","ping_status":"closed","template":"template-level_3.php","meta":{"_acf_changed":false,"footnotes":""},"class_list":["post-5122","page","type-page","status-publish","hentry"],"acf":[],"yoast_head":"<!-- This site is optimized with the Yoast SEO plugin v27.2 - https:\/\/yoast.com\/product\/yoast-seo-wordpress\/ -->\n<title>Preguntes freq\u00fcents - Autopista Sant-Cugat Terrassa Manresa | C16 - E9<\/title>\n<meta name=\"description\" content=\"Des d&#039;Autema s&#039;han proporcionat respostes a algunes de les preguntes m\u00e9s freq\u00fcents, que s&#039;agrupen per categoria per fer la cerca m\u00e9s f\u00e0cil.\" \/>\n<meta name=\"robots\" content=\"index, follow, max-snippet:-1, max-image-preview:large, max-video-preview:-1\" \/>\n<link rel=\"canonical\" href=\"https:\/\/www.autema.com\/ca\/serveis\/faqs\/\" \/>\n<meta property=\"og:locale\" content=\"ca_ES\" \/>\n<meta property=\"og:type\" content=\"article\" \/>\n<meta property=\"og:title\" content=\"Preguntes freq\u00fcents - Autopista Sant-Cugat Terrassa Manresa | C16 - E9\" \/>\n<meta property=\"og:description\" content=\"Des d&#039;Autema s&#039;han proporcionat respostes a algunes de les preguntes m\u00e9s freq\u00fcents, que s&#039;agrupen per categoria per fer la cerca m\u00e9s f\u00e0cil.\" \/>\n<meta property=\"og:url\" content=\"https:\/\/www.autema.com\/ca\/serveis\/faqs\/\" \/>\n<meta property=\"og:site_name\" content=\"Autopista Sant-Cugat Terrassa Manresa | C16 - E9\" \/>\n<meta property=\"article:modified_time\" content=\"2024-10-18T10:10:37+00:00\" \/>\n<meta name=\"twitter:card\" content=\"summary_large_image\" \/>\n<script type=\"application\/ld+json\" class=\"yoast-schema-graph\">{\"@context\":\"https:\/\/schema.org\",\"@graph\":[{\"@type\":\"WebPage\",\"@id\":\"https:\/\/www.autema.com\/ca\/serveis\/faqs\/\",\"url\":\"https:\/\/www.autema.com\/ca\/serveis\/faqs\/\",\"name\":\"Preguntes freq\u00fcents - Autopista Sant-Cugat Terrassa Manresa | C16 - E9\",\"isPartOf\":{\"@id\":\"https:\/\/www.autema.com\/es\/#website\"},\"datePublished\":\"2018-10-03T21:04:06+00:00\",\"dateModified\":\"2024-10-18T10:10:37+00:00\",\"description\":\"Des d'Autema s'han proporcionat respostes a algunes de les preguntes m\u00e9s freq\u00fcents, que s'agrupen per categoria per fer la cerca m\u00e9s f\u00e0cil.\",\"breadcrumb\":{\"@id\":\"https:\/\/www.autema.com\/ca\/serveis\/faqs\/#breadcrumb\"},\"inLanguage\":\"ca\",\"potentialAction\":[{\"@type\":\"ReadAction\",\"target\":[\"https:\/\/www.autema.com\/ca\/serveis\/faqs\/\"]}]},{\"@type\":\"BreadcrumbList\",\"@id\":\"https:\/\/www.autema.com\/ca\/serveis\/faqs\/#breadcrumb\",\"itemListElement\":[{\"@type\":\"ListItem\",\"position\":1,\"name\":\"Home\",\"item\":\"https:\/\/www.autema.com\/ca\/\"},{\"@type\":\"ListItem\",\"position\":2,\"name\":\"Serveis\",\"item\":\"https:\/\/www.autema.com\/ca\/serveis\/\"},{\"@type\":\"ListItem\",\"position\":3,\"name\":\"Preguntes freq\u00fcents\"}]},{\"@type\":\"WebSite\",\"@id\":\"https:\/\/www.autema.com\/es\/#website\",\"url\":\"https:\/\/www.autema.com\/es\/\",\"name\":\"Autopista Sant-Cugat Terrassa Manresa | C16 - E9\",\"description\":\"Autopista Sant-Cugat Terrassa Manresa | C16 - E9\",\"publisher\":{\"@id\":\"https:\/\/www.autema.com\/es\/#organization\"},\"potentialAction\":[{\"@type\":\"SearchAction\",\"target\":{\"@type\":\"EntryPoint\",\"urlTemplate\":\"https:\/\/www.autema.com\/es\/?s={search_term_string}\"},\"query-input\":{\"@type\":\"PropertyValueSpecification\",\"valueRequired\":true,\"valueName\":\"search_term_string\"}}],\"inLanguage\":\"ca\"},{\"@type\":\"Organization\",\"@id\":\"https:\/\/www.autema.com\/es\/#organization\",\"name\":\"Autema - Autopista Terrassa-Manresa, S.A.\",\"url\":\"https:\/\/www.autema.com\/es\/\",\"logo\":{\"@type\":\"ImageObject\",\"inLanguage\":\"ca\",\"@id\":\"https:\/\/www.autema.com\/es\/#\/schema\/logo\/image\/\",\"url\":\"https:\/\/static.autema.com\/wp-content\/uploads\/2018\/10\/01165821\/logo-color-2.svg\",\"contentUrl\":\"https:\/\/static.autema.com\/wp-content\/uploads\/2018\/10\/01165821\/logo-color-2.svg\",\"width\":1,\"height\":1,\"caption\":\"Autema - Autopista Terrassa-Manresa, S.A.\"},\"image\":{\"@id\":\"https:\/\/www.autema.com\/es\/#\/schema\/logo\/image\/\"}}]}<\/script>\n<!-- \/ Yoast SEO plugin. -->","yoast_head_json":{"title":"Preguntes freq\u00fcents - Autopista Sant-Cugat Terrassa Manresa | C16 - E9","description":"Des d'Autema s'han proporcionat respostes a algunes de les preguntes m\u00e9s freq\u00fcents, que s'agrupen per categoria per fer la cerca m\u00e9s f\u00e0cil.","robots":{"index":"index","follow":"follow","max-snippet":"max-snippet:-1","max-image-preview":"max-image-preview:large","max-video-preview":"max-video-preview:-1"},"canonical":"https:\/\/www.autema.com\/ca\/serveis\/faqs\/","og_locale":"ca_ES","og_type":"article","og_title":"Preguntes freq\u00fcents - Autopista Sant-Cugat Terrassa Manresa | C16 - E9","og_description":"Des d'Autema s'han proporcionat respostes a algunes de les preguntes m\u00e9s freq\u00fcents, que s'agrupen per categoria per fer la cerca m\u00e9s f\u00e0cil.","og_url":"https:\/\/www.autema.com\/ca\/serveis\/faqs\/","og_site_name":"Autopista Sant-Cugat Terrassa Manresa | C16 - E9","article_modified_time":"2024-10-18T10:10:37+00:00","twitter_card":"summary_large_image","schema":{"@context":"https:\/\/schema.org","@graph":[{"@type":"WebPage","@id":"https:\/\/www.autema.com\/ca\/serveis\/faqs\/","url":"https:\/\/www.autema.com\/ca\/serveis\/faqs\/","name":"Preguntes freq\u00fcents - Autopista Sant-Cugat Terrassa Manresa | C16 - E9","isPartOf":{"@id":"https:\/\/www.autema.com\/es\/#website"},"datePublished":"2018-10-03T21:04:06+00:00","dateModified":"2024-10-18T10:10:37+00:00","description":"Des d'Autema s'han proporcionat respostes a algunes de les preguntes m\u00e9s freq\u00fcents, que s'agrupen per categoria per fer la cerca m\u00e9s f\u00e0cil.","breadcrumb":{"@id":"https:\/\/www.autema.com\/ca\/serveis\/faqs\/#breadcrumb"},"inLanguage":"ca","potentialAction":[{"@type":"ReadAction","target":["https:\/\/www.autema.com\/ca\/serveis\/faqs\/"]}]},{"@type":"BreadcrumbList","@id":"https:\/\/www.autema.com\/ca\/serveis\/faqs\/#breadcrumb","itemListElement":[{"@type":"ListItem","position":1,"name":"Home","item":"https:\/\/www.autema.com\/ca\/"},{"@type":"ListItem","position":2,"name":"Serveis","item":"https:\/\/www.autema.com\/ca\/serveis\/"},{"@type":"ListItem","position":3,"name":"Preguntes freq\u00fcents"}]},{"@type":"WebSite","@id":"https:\/\/www.autema.com\/es\/#website","url":"https:\/\/www.autema.com\/es\/","name":"Autopista Sant-Cugat Terrassa Manresa | C16 - E9","description":"Autopista Sant-Cugat Terrassa Manresa | C16 - E9","publisher":{"@id":"https:\/\/www.autema.com\/es\/#organization"},"potentialAction":[{"@type":"SearchAction","target":{"@type":"EntryPoint","urlTemplate":"https:\/\/www.autema.com\/es\/?s={search_term_string}"},"query-input":{"@type":"PropertyValueSpecification","valueRequired":true,"valueName":"search_term_string"}}],"inLanguage":"ca"},{"@type":"Organization","@id":"https:\/\/www.autema.com\/es\/#organization","name":"Autema - Autopista Terrassa-Manresa, S.A.","url":"https:\/\/www.autema.com\/es\/","logo":{"@type":"ImageObject","inLanguage":"ca","@id":"https:\/\/www.autema.com\/es\/#\/schema\/logo\/image\/","url":"https:\/\/static.autema.com\/wp-content\/uploads\/2018\/10\/01165821\/logo-color-2.svg","contentUrl":"https:\/\/static.autema.com\/wp-content\/uploads\/2018\/10\/01165821\/logo-color-2.svg","width":1,"height":1,"caption":"Autema - Autopista Terrassa-Manresa, S.A."},"image":{"@id":"https:\/\/www.autema.com\/es\/#\/schema\/logo\/image\/"}}]}},"_links":{"self":[{"href":"https:\/\/www.autema.com\/ca\/wp-json\/wp\/v2\/pages\/5122","targetHints":{"allow":["GET"]}}],"collection":[{"href":"https:\/\/www.autema.com\/ca\/wp-json\/wp\/v2\/pages"}],"about":[{"href":"https:\/\/www.autema.com\/ca\/wp-json\/wp\/v2\/types\/page"}],"replies":[{"embeddable":true,"href":"https:\/\/www.autema.com\/ca\/wp-json\/wp\/v2\/comments?post=5122"}],"version-history":[{"count":28,"href":"https:\/\/www.autema.com\/ca\/wp-json\/wp\/v2\/pages\/5122\/revisions"}],"predecessor-version":[{"id":16778,"href":"https:\/\/www.autema.com\/ca\/wp-json\/wp\/v2\/pages\/5122\/revisions\/16778"}],"up":[{"embeddable":true,"href":"https:\/\/www.autema.com\/ca\/wp-json\/wp\/v2\/pages\/5530"}],"wp:attachment":[{"href":"https:\/\/www.autema.com\/ca\/wp-json\/wp\/v2\/media?parent=5122"}],"curies":[{"name":"wp","href":"https:\/\/api.w.org\/{rel}","templated":true}]}}