{"id":5133,"date":"2018-10-03T21:09:50","date_gmt":"2018-10-03T21:09:50","guid":{"rendered":"https:\/\/www.autema.com\/sobre-autema\/nuestra-comunidad\/"},"modified":"2019-07-30T08:03:38","modified_gmt":"2019-07-30T08:03:38","slug":"nostra-comunitat","status":"publish","type":"page","link":"https:\/\/www.autema.com\/ca\/sobre-autema\/nostra-comunitat\/","title":{"rendered":"La nostra comunitat"},"content":{"rendered":"","protected":false},"excerpt":{"rendered":"","protected":false},"featured_media":0,"parent":5067,"menu_order":0,"comment_status":"closed","ping_status":"closed","template":"template-level_3.php","meta":{"_acf_changed":false,"footnotes":""},"class_list":["post-5133","page","type-page","status-publish","hentry"],"acf":[],"yoast_head":"<!-- This site is optimized with the Yoast SEO plugin v27.5 - https:\/\/yoast.com\/product\/yoast-seo-wordpress\/ -->\n<title>La nostra comunitat - Autopista Sant-Cugat Terrassa Manresa | C16 - E9<\/title>\n<meta name=\"description\" content=\"Autema en el seu comprom\u00eds amb la Responsabilitat Corporativa, entre altres accions col\u00b7labora amb la Fundaci\u00f3 Abadia de Montserrat des de 2006 en l&#039;ampliaci\u00f3 i informatitzaci\u00f3 de la biblioteca del Monestir, en la restauraci\u00f3 de diversos edificis del mateix, i en la millora de l&#039;accessibilitat i mobilitat .\" \/>\n<meta name=\"robots\" content=\"index, follow, max-snippet:-1, max-image-preview:large, max-video-preview:-1\" \/>\n<link rel=\"canonical\" href=\"https:\/\/www.autema.com\/ca\/sobre-autema\/nostra-comunitat\/\" \/>\n<meta property=\"og:locale\" content=\"ca_ES\" \/>\n<meta property=\"og:type\" content=\"article\" \/>\n<meta property=\"og:title\" content=\"La nostra comunitat - Autopista Sant-Cugat Terrassa Manresa | C16 - E9\" \/>\n<meta property=\"og:description\" content=\"Autema en el seu comprom\u00eds amb la Responsabilitat Corporativa, entre altres accions col\u00b7labora amb la Fundaci\u00f3 Abadia de Montserrat des de 2006 en l&#039;ampliaci\u00f3 i informatitzaci\u00f3 de la biblioteca del Monestir, en la restauraci\u00f3 de diversos edificis del mateix, i en la millora de l&#039;accessibilitat i mobilitat .\" \/>\n<meta property=\"og:url\" content=\"https:\/\/www.autema.com\/ca\/sobre-autema\/nostra-comunitat\/\" \/>\n<meta property=\"og:site_name\" content=\"Autopista Sant-Cugat Terrassa Manresa | C16 - E9\" \/>\n<meta property=\"article:modified_time\" content=\"2019-07-30T08:03:38+00:00\" \/>\n<meta name=\"twitter:card\" content=\"summary_large_image\" \/>\n<script type=\"application\/ld+json\" class=\"yoast-schema-graph\">{\"@context\":\"https:\\\/\\\/schema.org\",\"@graph\":[{\"@type\":\"WebPage\",\"@id\":\"https:\\\/\\\/www.autema.com\\\/ca\\\/sobre-autema\\\/nostra-comunitat\\\/\",\"url\":\"https:\\\/\\\/www.autema.com\\\/ca\\\/sobre-autema\\\/nostra-comunitat\\\/\",\"name\":\"La nostra comunitat - Autopista Sant-Cugat Terrassa Manresa | C16 - E9\",\"isPartOf\":{\"@id\":\"https:\\\/\\\/www.autema.com\\\/es\\\/#website\"},\"datePublished\":\"2018-10-03T21:09:50+00:00\",\"dateModified\":\"2019-07-30T08:03:38+00:00\",\"description\":\"Autema en el seu comprom\u00eds amb la Responsabilitat Corporativa, entre altres accions col\u00b7labora amb la Fundaci\u00f3 Abadia de Montserrat des de 2006 en l'ampliaci\u00f3 i informatitzaci\u00f3 de la biblioteca del Monestir, en la restauraci\u00f3 de diversos edificis del mateix, i en la millora de l'accessibilitat i mobilitat .\",\"breadcrumb\":{\"@id\":\"https:\\\/\\\/www.autema.com\\\/ca\\\/sobre-autema\\\/nostra-comunitat\\\/#breadcrumb\"},\"inLanguage\":\"ca\",\"potentialAction\":[{\"@type\":\"ReadAction\",\"target\":[\"https:\\\/\\\/www.autema.com\\\/ca\\\/sobre-autema\\\/nostra-comunitat\\\/\"]}]},{\"@type\":\"BreadcrumbList\",\"@id\":\"https:\\\/\\\/www.autema.com\\\/ca\\\/sobre-autema\\\/nostra-comunitat\\\/#breadcrumb\",\"itemListElement\":[{\"@type\":\"ListItem\",\"position\":1,\"name\":\"Home\",\"item\":\"https:\\\/\\\/www.autema.com\\\/ca\\\/home-autema-autopista-de-sant-cugat-terrassa-manresa\\\/\"},{\"@type\":\"ListItem\",\"position\":2,\"name\":\"Sobre Autema\",\"item\":\"https:\\\/\\\/www.autema.com\\\/ca\\\/sobre-autema\\\/\"},{\"@type\":\"ListItem\",\"position\":3,\"name\":\"La nostra comunitat\"}]},{\"@type\":\"WebSite\",\"@id\":\"https:\\\/\\\/www.autema.com\\\/es\\\/#website\",\"url\":\"https:\\\/\\\/www.autema.com\\\/es\\\/\",\"name\":\"Autopista Sant-Cugat Terrassa Manresa | C16 - E9\",\"description\":\"Autopista Sant-Cugat Terrassa Manresa | C16 - E9\",\"publisher\":{\"@id\":\"https:\\\/\\\/www.autema.com\\\/es\\\/#organization\"},\"potentialAction\":[{\"@type\":\"SearchAction\",\"target\":{\"@type\":\"EntryPoint\",\"urlTemplate\":\"https:\\\/\\\/www.autema.com\\\/es\\\/?s={search_term_string}\"},\"query-input\":{\"@type\":\"PropertyValueSpecification\",\"valueRequired\":true,\"valueName\":\"search_term_string\"}}],\"inLanguage\":\"ca\"},{\"@type\":\"Organization\",\"@id\":\"https:\\\/\\\/www.autema.com\\\/es\\\/#organization\",\"name\":\"Autema - Autopista Terrassa-Manresa, S.A.\",\"url\":\"https:\\\/\\\/www.autema.com\\\/es\\\/\",\"logo\":{\"@type\":\"ImageObject\",\"inLanguage\":\"ca\",\"@id\":\"https:\\\/\\\/www.autema.com\\\/es\\\/#\\\/schema\\\/logo\\\/image\\\/\",\"url\":\"https:\\\/\\\/static.autema.com\\\/wp-content\\\/uploads\\\/2018\\\/10\\\/01165821\\\/logo-color-2.svg\",\"contentUrl\":\"https:\\\/\\\/static.autema.com\\\/wp-content\\\/uploads\\\/2018\\\/10\\\/01165821\\\/logo-color-2.svg\",\"width\":1,\"height\":1,\"caption\":\"Autema - Autopista Terrassa-Manresa, S.A.\"},\"image\":{\"@id\":\"https:\\\/\\\/www.autema.com\\\/es\\\/#\\\/schema\\\/logo\\\/image\\\/\"}}]}<\/script>\n<!-- \/ Yoast SEO plugin. -->","yoast_head_json":{"title":"La nostra comunitat - Autopista Sant-Cugat Terrassa Manresa | C16 - E9","description":"Autema en el seu comprom\u00eds amb la Responsabilitat Corporativa, entre altres accions col\u00b7labora amb la Fundaci\u00f3 Abadia de Montserrat des de 2006 en l'ampliaci\u00f3 i informatitzaci\u00f3 de la biblioteca del Monestir, en la restauraci\u00f3 de diversos edificis del mateix, i en la millora de l'accessibilitat i mobilitat .","robots":{"index":"index","follow":"follow","max-snippet":"max-snippet:-1","max-image-preview":"max-image-preview:large","max-video-preview":"max-video-preview:-1"},"canonical":"https:\/\/www.autema.com\/ca\/sobre-autema\/nostra-comunitat\/","og_locale":"ca_ES","og_type":"article","og_title":"La nostra comunitat - Autopista Sant-Cugat Terrassa Manresa | C16 - E9","og_description":"Autema en el seu comprom\u00eds amb la Responsabilitat Corporativa, entre altres accions col\u00b7labora amb la Fundaci\u00f3 Abadia de Montserrat des de 2006 en l'ampliaci\u00f3 i informatitzaci\u00f3 de la biblioteca del Monestir, en la restauraci\u00f3 de diversos edificis del mateix, i en la millora de l'accessibilitat i mobilitat .","og_url":"https:\/\/www.autema.com\/ca\/sobre-autema\/nostra-comunitat\/","og_site_name":"Autopista Sant-Cugat Terrassa Manresa | C16 - E9","article_modified_time":"2019-07-30T08:03:38+00:00","twitter_card":"summary_large_image","schema":{"@context":"https:\/\/schema.org","@graph":[{"@type":"WebPage","@id":"https:\/\/www.autema.com\/ca\/sobre-autema\/nostra-comunitat\/","url":"https:\/\/www.autema.com\/ca\/sobre-autema\/nostra-comunitat\/","name":"La nostra comunitat - Autopista Sant-Cugat Terrassa Manresa | C16 - E9","isPartOf":{"@id":"https:\/\/www.autema.com\/es\/#website"},"datePublished":"2018-10-03T21:09:50+00:00","dateModified":"2019-07-30T08:03:38+00:00","description":"Autema en el seu comprom\u00eds amb la Responsabilitat Corporativa, entre altres accions col\u00b7labora amb la Fundaci\u00f3 Abadia de Montserrat des de 2006 en l'ampliaci\u00f3 i informatitzaci\u00f3 de la biblioteca del Monestir, en la restauraci\u00f3 de diversos edificis del mateix, i en la millora de l'accessibilitat i mobilitat .","breadcrumb":{"@id":"https:\/\/www.autema.com\/ca\/sobre-autema\/nostra-comunitat\/#breadcrumb"},"inLanguage":"ca","potentialAction":[{"@type":"ReadAction","target":["https:\/\/www.autema.com\/ca\/sobre-autema\/nostra-comunitat\/"]}]},{"@type":"BreadcrumbList","@id":"https:\/\/www.autema.com\/ca\/sobre-autema\/nostra-comunitat\/#breadcrumb","itemListElement":[{"@type":"ListItem","position":1,"name":"Home","item":"https:\/\/www.autema.com\/ca\/home-autema-autopista-de-sant-cugat-terrassa-manresa\/"},{"@type":"ListItem","position":2,"name":"Sobre Autema","item":"https:\/\/www.autema.com\/ca\/sobre-autema\/"},{"@type":"ListItem","position":3,"name":"La nostra comunitat"}]},{"@type":"WebSite","@id":"https:\/\/www.autema.com\/es\/#website","url":"https:\/\/www.autema.com\/es\/","name":"Autopista Sant-Cugat Terrassa Manresa | C16 - E9","description":"Autopista Sant-Cugat Terrassa Manresa | C16 - E9","publisher":{"@id":"https:\/\/www.autema.com\/es\/#organization"},"potentialAction":[{"@type":"SearchAction","target":{"@type":"EntryPoint","urlTemplate":"https:\/\/www.autema.com\/es\/?s={search_term_string}"},"query-input":{"@type":"PropertyValueSpecification","valueRequired":true,"valueName":"search_term_string"}}],"inLanguage":"ca"},{"@type":"Organization","@id":"https:\/\/www.autema.com\/es\/#organization","name":"Autema - Autopista Terrassa-Manresa, S.A.","url":"https:\/\/www.autema.com\/es\/","logo":{"@type":"ImageObject","inLanguage":"ca","@id":"https:\/\/www.autema.com\/es\/#\/schema\/logo\/image\/","url":"https:\/\/static.autema.com\/wp-content\/uploads\/2018\/10\/01165821\/logo-color-2.svg","contentUrl":"https:\/\/static.autema.com\/wp-content\/uploads\/2018\/10\/01165821\/logo-color-2.svg","width":1,"height":1,"caption":"Autema - Autopista Terrassa-Manresa, S.A."},"image":{"@id":"https:\/\/www.autema.com\/es\/#\/schema\/logo\/image\/"}}]}},"_links":{"self":[{"href":"https:\/\/www.autema.com\/ca\/wp-json\/wp\/v2\/pages\/5133","targetHints":{"allow":["GET"]}}],"collection":[{"href":"https:\/\/www.autema.com\/ca\/wp-json\/wp\/v2\/pages"}],"about":[{"href":"https:\/\/www.autema.com\/ca\/wp-json\/wp\/v2\/types\/page"}],"replies":[{"embeddable":true,"href":"https:\/\/www.autema.com\/ca\/wp-json\/wp\/v2\/comments?post=5133"}],"version-history":[{"count":11,"href":"https:\/\/www.autema.com\/ca\/wp-json\/wp\/v2\/pages\/5133\/revisions"}],"predecessor-version":[{"id":6319,"href":"https:\/\/www.autema.com\/ca\/wp-json\/wp\/v2\/pages\/5133\/revisions\/6319"}],"up":[{"embeddable":true,"href":"https:\/\/www.autema.com\/ca\/wp-json\/wp\/v2\/pages\/5067"}],"wp:attachment":[{"href":"https:\/\/www.autema.com\/ca\/wp-json\/wp\/v2\/media?parent=5133"}],"curies":[{"name":"wp","href":"https:\/\/api.w.org\/{rel}","templated":true}]}}