{"id":5275,"date":"2018-10-19T10:43:17","date_gmt":"2018-10-19T10:43:17","guid":{"rendered":"https:\/\/www.autema.com\/en-ruta\/sitios-de-interes\/"},"modified":"2019-07-26T10:08:55","modified_gmt":"2019-07-26T10:08:55","slug":"llocs-dinteres","status":"publish","type":"page","link":"https:\/\/www.autema.com\/ca\/en-ruta\/llocs-dinteres\/","title":{"rendered":"Llocs d&#8217;inter\u00e8s"},"content":{"rendered":"","protected":false},"excerpt":{"rendered":"","protected":false},"featured_media":0,"parent":5076,"menu_order":0,"comment_status":"closed","ping_status":"closed","template":"template-level_3.php","meta":{"_acf_changed":false,"footnotes":""},"class_list":["post-5275","page","type-page","status-publish","hentry"],"acf":[],"yoast_head":"<!-- This site is optimized with the Yoast SEO plugin v27.2 - https:\/\/yoast.com\/product\/yoast-seo-wordpress\/ -->\n<title>Llocs d&#039;inter\u00e8s - Autopista Sant-Cugat Terrassa Manresa | C16 - E9<\/title>\n<meta name=\"description\" content=\"Autema \u00e9s una autopista amb un entorn ple de destins d&#039;inter\u00e8s: Montserrat, la Seu de Manresa, la Seu d`Egara, M\u00f3n Sant Benet, Sant Cugat del Vall\u00e8s, Castell de Cardona, Parc natural de Sant Lloren\u00e7 del Munt il&#039;Obac i Museu de la Ci\u00e8ncia i de la T\u00e8cnica de Catalunya.\" \/>\n<meta name=\"robots\" content=\"index, follow, max-snippet:-1, max-image-preview:large, max-video-preview:-1\" \/>\n<link rel=\"canonical\" href=\"https:\/\/www.autema.com\/ca\/en-ruta\/llocs-dinteres\/\" \/>\n<meta property=\"og:locale\" content=\"ca_ES\" \/>\n<meta property=\"og:type\" content=\"article\" \/>\n<meta property=\"og:title\" content=\"Llocs d&#039;inter\u00e8s - Autopista Sant-Cugat Terrassa Manresa | C16 - E9\" \/>\n<meta property=\"og:description\" content=\"Autema \u00e9s una autopista amb un entorn ple de destins d&#039;inter\u00e8s: Montserrat, la Seu de Manresa, la Seu d`Egara, M\u00f3n Sant Benet, Sant Cugat del Vall\u00e8s, Castell de Cardona, Parc natural de Sant Lloren\u00e7 del Munt il&#039;Obac i Museu de la Ci\u00e8ncia i de la T\u00e8cnica de Catalunya.\" \/>\n<meta property=\"og:url\" content=\"https:\/\/www.autema.com\/ca\/en-ruta\/llocs-dinteres\/\" \/>\n<meta property=\"og:site_name\" content=\"Autopista Sant-Cugat Terrassa Manresa | C16 - E9\" \/>\n<meta property=\"article:modified_time\" content=\"2019-07-26T10:08:55+00:00\" \/>\n<meta name=\"twitter:card\" content=\"summary_large_image\" \/>\n<script type=\"application\/ld+json\" class=\"yoast-schema-graph\">{\"@context\":\"https:\/\/schema.org\",\"@graph\":[{\"@type\":\"WebPage\",\"@id\":\"https:\/\/www.autema.com\/ca\/en-ruta\/llocs-dinteres\/\",\"url\":\"https:\/\/www.autema.com\/ca\/en-ruta\/llocs-dinteres\/\",\"name\":\"Llocs d'inter\u00e8s - Autopista Sant-Cugat Terrassa Manresa | C16 - E9\",\"isPartOf\":{\"@id\":\"https:\/\/www.autema.com\/es\/#website\"},\"datePublished\":\"2018-10-19T10:43:17+00:00\",\"dateModified\":\"2019-07-26T10:08:55+00:00\",\"description\":\"Autema \u00e9s una autopista amb un entorn ple de destins d'inter\u00e8s: Montserrat, la Seu de Manresa, la Seu d`Egara, M\u00f3n Sant Benet, Sant Cugat del Vall\u00e8s, Castell de Cardona, Parc natural de Sant Lloren\u00e7 del Munt il'Obac i Museu de la Ci\u00e8ncia i de la T\u00e8cnica de Catalunya.\",\"breadcrumb\":{\"@id\":\"https:\/\/www.autema.com\/ca\/en-ruta\/llocs-dinteres\/#breadcrumb\"},\"inLanguage\":\"ca\",\"potentialAction\":[{\"@type\":\"ReadAction\",\"target\":[\"https:\/\/www.autema.com\/ca\/en-ruta\/llocs-dinteres\/\"]}]},{\"@type\":\"BreadcrumbList\",\"@id\":\"https:\/\/www.autema.com\/ca\/en-ruta\/llocs-dinteres\/#breadcrumb\",\"itemListElement\":[{\"@type\":\"ListItem\",\"position\":1,\"name\":\"Home\",\"item\":\"https:\/\/www.autema.com\/ca\/\"},{\"@type\":\"ListItem\",\"position\":2,\"name\":\"En ruta\",\"item\":\"https:\/\/www.autema.com\/ca\/en-ruta\/\"},{\"@type\":\"ListItem\",\"position\":3,\"name\":\"Llocs d&#8217;inter\u00e8s\"}]},{\"@type\":\"WebSite\",\"@id\":\"https:\/\/www.autema.com\/es\/#website\",\"url\":\"https:\/\/www.autema.com\/es\/\",\"name\":\"Autopista Sant-Cugat Terrassa Manresa | C16 - E9\",\"description\":\"Autopista Sant-Cugat Terrassa Manresa | C16 - E9\",\"publisher\":{\"@id\":\"https:\/\/www.autema.com\/es\/#organization\"},\"potentialAction\":[{\"@type\":\"SearchAction\",\"target\":{\"@type\":\"EntryPoint\",\"urlTemplate\":\"https:\/\/www.autema.com\/es\/?s={search_term_string}\"},\"query-input\":{\"@type\":\"PropertyValueSpecification\",\"valueRequired\":true,\"valueName\":\"search_term_string\"}}],\"inLanguage\":\"ca\"},{\"@type\":\"Organization\",\"@id\":\"https:\/\/www.autema.com\/es\/#organization\",\"name\":\"Autema - Autopista Terrassa-Manresa, S.A.\",\"url\":\"https:\/\/www.autema.com\/es\/\",\"logo\":{\"@type\":\"ImageObject\",\"inLanguage\":\"ca\",\"@id\":\"https:\/\/www.autema.com\/es\/#\/schema\/logo\/image\/\",\"url\":\"https:\/\/static.autema.com\/wp-content\/uploads\/2018\/10\/01165821\/logo-color-2.svg\",\"contentUrl\":\"https:\/\/static.autema.com\/wp-content\/uploads\/2018\/10\/01165821\/logo-color-2.svg\",\"width\":1,\"height\":1,\"caption\":\"Autema - Autopista Terrassa-Manresa, S.A.\"},\"image\":{\"@id\":\"https:\/\/www.autema.com\/es\/#\/schema\/logo\/image\/\"}}]}<\/script>\n<!-- \/ Yoast SEO plugin. -->","yoast_head_json":{"title":"Llocs d'inter\u00e8s - Autopista Sant-Cugat Terrassa Manresa | C16 - E9","description":"Autema \u00e9s una autopista amb un entorn ple de destins d'inter\u00e8s: Montserrat, la Seu de Manresa, la Seu d`Egara, M\u00f3n Sant Benet, Sant Cugat del Vall\u00e8s, Castell de Cardona, Parc natural de Sant Lloren\u00e7 del Munt il'Obac i Museu de la Ci\u00e8ncia i de la T\u00e8cnica de Catalunya.","robots":{"index":"index","follow":"follow","max-snippet":"max-snippet:-1","max-image-preview":"max-image-preview:large","max-video-preview":"max-video-preview:-1"},"canonical":"https:\/\/www.autema.com\/ca\/en-ruta\/llocs-dinteres\/","og_locale":"ca_ES","og_type":"article","og_title":"Llocs d'inter\u00e8s - Autopista Sant-Cugat Terrassa Manresa | C16 - E9","og_description":"Autema \u00e9s una autopista amb un entorn ple de destins d'inter\u00e8s: Montserrat, la Seu de Manresa, la Seu d`Egara, M\u00f3n Sant Benet, Sant Cugat del Vall\u00e8s, Castell de Cardona, Parc natural de Sant Lloren\u00e7 del Munt il'Obac i Museu de la Ci\u00e8ncia i de la T\u00e8cnica de Catalunya.","og_url":"https:\/\/www.autema.com\/ca\/en-ruta\/llocs-dinteres\/","og_site_name":"Autopista Sant-Cugat Terrassa Manresa | C16 - E9","article_modified_time":"2019-07-26T10:08:55+00:00","twitter_card":"summary_large_image","schema":{"@context":"https:\/\/schema.org","@graph":[{"@type":"WebPage","@id":"https:\/\/www.autema.com\/ca\/en-ruta\/llocs-dinteres\/","url":"https:\/\/www.autema.com\/ca\/en-ruta\/llocs-dinteres\/","name":"Llocs d'inter\u00e8s - Autopista Sant-Cugat Terrassa Manresa | C16 - E9","isPartOf":{"@id":"https:\/\/www.autema.com\/es\/#website"},"datePublished":"2018-10-19T10:43:17+00:00","dateModified":"2019-07-26T10:08:55+00:00","description":"Autema \u00e9s una autopista amb un entorn ple de destins d'inter\u00e8s: Montserrat, la Seu de Manresa, la Seu d`Egara, M\u00f3n Sant Benet, Sant Cugat del Vall\u00e8s, Castell de Cardona, Parc natural de Sant Lloren\u00e7 del Munt il'Obac i Museu de la Ci\u00e8ncia i de la T\u00e8cnica de Catalunya.","breadcrumb":{"@id":"https:\/\/www.autema.com\/ca\/en-ruta\/llocs-dinteres\/#breadcrumb"},"inLanguage":"ca","potentialAction":[{"@type":"ReadAction","target":["https:\/\/www.autema.com\/ca\/en-ruta\/llocs-dinteres\/"]}]},{"@type":"BreadcrumbList","@id":"https:\/\/www.autema.com\/ca\/en-ruta\/llocs-dinteres\/#breadcrumb","itemListElement":[{"@type":"ListItem","position":1,"name":"Home","item":"https:\/\/www.autema.com\/ca\/"},{"@type":"ListItem","position":2,"name":"En ruta","item":"https:\/\/www.autema.com\/ca\/en-ruta\/"},{"@type":"ListItem","position":3,"name":"Llocs d&#8217;inter\u00e8s"}]},{"@type":"WebSite","@id":"https:\/\/www.autema.com\/es\/#website","url":"https:\/\/www.autema.com\/es\/","name":"Autopista Sant-Cugat Terrassa Manresa | C16 - E9","description":"Autopista Sant-Cugat Terrassa Manresa | C16 - E9","publisher":{"@id":"https:\/\/www.autema.com\/es\/#organization"},"potentialAction":[{"@type":"SearchAction","target":{"@type":"EntryPoint","urlTemplate":"https:\/\/www.autema.com\/es\/?s={search_term_string}"},"query-input":{"@type":"PropertyValueSpecification","valueRequired":true,"valueName":"search_term_string"}}],"inLanguage":"ca"},{"@type":"Organization","@id":"https:\/\/www.autema.com\/es\/#organization","name":"Autema - Autopista Terrassa-Manresa, S.A.","url":"https:\/\/www.autema.com\/es\/","logo":{"@type":"ImageObject","inLanguage":"ca","@id":"https:\/\/www.autema.com\/es\/#\/schema\/logo\/image\/","url":"https:\/\/static.autema.com\/wp-content\/uploads\/2018\/10\/01165821\/logo-color-2.svg","contentUrl":"https:\/\/static.autema.com\/wp-content\/uploads\/2018\/10\/01165821\/logo-color-2.svg","width":1,"height":1,"caption":"Autema - Autopista Terrassa-Manresa, S.A."},"image":{"@id":"https:\/\/www.autema.com\/es\/#\/schema\/logo\/image\/"}}]}},"_links":{"self":[{"href":"https:\/\/www.autema.com\/ca\/wp-json\/wp\/v2\/pages\/5275","targetHints":{"allow":["GET"]}}],"collection":[{"href":"https:\/\/www.autema.com\/ca\/wp-json\/wp\/v2\/pages"}],"about":[{"href":"https:\/\/www.autema.com\/ca\/wp-json\/wp\/v2\/types\/page"}],"replies":[{"embeddable":true,"href":"https:\/\/www.autema.com\/ca\/wp-json\/wp\/v2\/comments?post=5275"}],"version-history":[{"count":7,"href":"https:\/\/www.autema.com\/ca\/wp-json\/wp\/v2\/pages\/5275\/revisions"}],"predecessor-version":[{"id":6043,"href":"https:\/\/www.autema.com\/ca\/wp-json\/wp\/v2\/pages\/5275\/revisions\/6043"}],"up":[{"embeddable":true,"href":"https:\/\/www.autema.com\/ca\/wp-json\/wp\/v2\/pages\/5076"}],"wp:attachment":[{"href":"https:\/\/www.autema.com\/ca\/wp-json\/wp\/v2\/media?parent=5275"}],"curies":[{"name":"wp","href":"https:\/\/api.w.org\/{rel}","templated":true}]}}