{"id":4791,"date":"2018-10-03T20:57:11","date_gmt":"2018-10-03T20:57:11","guid":{"rendered":"https:\/\/www.autema.com\/?page_id=4791"},"modified":"2019-06-25T09:57:43","modified_gmt":"2019-06-25T09:57:43","slug":"sobre-autema","status":"publish","type":"page","link":"https:\/\/www.autema.com\/es\/sobre-autema\/","title":{"rendered":"Sobre Autema"},"content":{"rendered":"","protected":false},"excerpt":{"rendered":"","protected":false},"featured_media":5262,"parent":0,"menu_order":0,"comment_status":"closed","ping_status":"closed","template":"template-level_2.php","meta":{"_acf_changed":false,"footnotes":""},"class_list":["post-4791","page","type-page","status-publish","has-post-thumbnail","hentry"],"acf":[],"yoast_head":"<!-- This site is optimized with the Yoast SEO plugin v27.2 - https:\/\/yoast.com\/product\/yoast-seo-wordpress\/ -->\n<title>Sobre Autema - Autopista Sant-Cugat Terrassa Manresa | C16 - E9<\/title>\n<meta name=\"description\" content=\"Autema est\u00e1 comprometida con la Calidad y el Medio Ambiente en su gesti\u00f3n. Dentro de esta pol\u00edtica, ponemos a disposici\u00f3n de nuestros Clientes un espacio en el que pueden mostrar su opini\u00f3n. Una opini\u00f3n que nos ayuda a seguir mejorando.\" \/>\n<meta name=\"robots\" content=\"index, follow, max-snippet:-1, max-image-preview:large, max-video-preview:-1\" \/>\n<link rel=\"canonical\" href=\"https:\/\/www.autema.com\/es\/sobre-autema\/\" \/>\n<meta property=\"og:locale\" content=\"es_ES\" \/>\n<meta property=\"og:type\" content=\"article\" \/>\n<meta property=\"og:title\" content=\"Sobre Autema - Autopista Sant-Cugat Terrassa Manresa | C16 - E9\" \/>\n<meta property=\"og:description\" content=\"Autema est\u00e1 comprometida con la Calidad y el Medio Ambiente en su gesti\u00f3n. Dentro de esta pol\u00edtica, ponemos a disposici\u00f3n de nuestros Clientes un espacio en el que pueden mostrar su opini\u00f3n. Una opini\u00f3n que nos ayuda a seguir mejorando.\" \/>\n<meta property=\"og:url\" content=\"https:\/\/www.autema.com\/es\/sobre-autema\/\" \/>\n<meta property=\"og:site_name\" content=\"Autopista Sant-Cugat Terrassa Manresa | C16 - E9\" \/>\n<meta property=\"article:modified_time\" content=\"2019-06-25T09:57:43+00:00\" \/>\n<meta property=\"og:image\" content=\"https:\/\/static.autema.com\/wp-content\/uploads\/2018\/10\/01165953\/CB2H6890.jpg\" \/>\n\t<meta property=\"og:image:width\" content=\"4896\" \/>\n\t<meta property=\"og:image:height\" content=\"3264\" \/>\n\t<meta property=\"og:image:type\" content=\"image\/jpeg\" \/>\n<meta name=\"twitter:card\" content=\"summary_large_image\" \/>\n<script type=\"application\/ld+json\" class=\"yoast-schema-graph\">{\"@context\":\"https:\/\/schema.org\",\"@graph\":[{\"@type\":\"WebPage\",\"@id\":\"https:\/\/www.autema.com\/es\/sobre-autema\/\",\"url\":\"https:\/\/www.autema.com\/es\/sobre-autema\/\",\"name\":\"Sobre Autema - Autopista Sant-Cugat Terrassa Manresa | C16 - E9\",\"isPartOf\":{\"@id\":\"https:\/\/www.autema.com\/es\/#website\"},\"primaryImageOfPage\":{\"@id\":\"https:\/\/www.autema.com\/es\/sobre-autema\/#primaryimage\"},\"image\":{\"@id\":\"https:\/\/www.autema.com\/es\/sobre-autema\/#primaryimage\"},\"thumbnailUrl\":\"https:\/\/static.autema.com\/wp-content\/uploads\/2018\/10\/01165953\/CB2H6890.jpg\",\"datePublished\":\"2018-10-03T20:57:11+00:00\",\"dateModified\":\"2019-06-25T09:57:43+00:00\",\"description\":\"Autema est\u00e1 comprometida con la Calidad y el Medio Ambiente en su gesti\u00f3n. Dentro de esta pol\u00edtica, ponemos a disposici\u00f3n de nuestros Clientes un espacio en el que pueden mostrar su opini\u00f3n. Una opini\u00f3n que nos ayuda a seguir mejorando.\",\"breadcrumb\":{\"@id\":\"https:\/\/www.autema.com\/es\/sobre-autema\/#breadcrumb\"},\"inLanguage\":\"es\",\"potentialAction\":[{\"@type\":\"ReadAction\",\"target\":[\"https:\/\/www.autema.com\/es\/sobre-autema\/\"]}]},{\"@type\":\"ImageObject\",\"inLanguage\":\"es\",\"@id\":\"https:\/\/www.autema.com\/es\/sobre-autema\/#primaryimage\",\"url\":\"https:\/\/static.autema.com\/wp-content\/uploads\/2018\/10\/01165953\/CB2H6890.jpg\",\"contentUrl\":\"https:\/\/static.autema.com\/wp-content\/uploads\/2018\/10\/01165953\/CB2H6890.jpg\",\"width\":4896,\"height\":3264},{\"@type\":\"BreadcrumbList\",\"@id\":\"https:\/\/www.autema.com\/es\/sobre-autema\/#breadcrumb\",\"itemListElement\":[{\"@type\":\"ListItem\",\"position\":1,\"name\":\"Home\",\"item\":\"https:\/\/www.autema.com\/es\/\"},{\"@type\":\"ListItem\",\"position\":2,\"name\":\"Sobre Autema\"}]},{\"@type\":\"WebSite\",\"@id\":\"https:\/\/www.autema.com\/es\/#website\",\"url\":\"https:\/\/www.autema.com\/es\/\",\"name\":\"Autopista Sant-Cugat Terrassa Manresa | C16 - E9\",\"description\":\"Autopista Sant-Cugat Terrassa Manresa | C16 - E9\",\"publisher\":{\"@id\":\"https:\/\/www.autema.com\/es\/#organization\"},\"potentialAction\":[{\"@type\":\"SearchAction\",\"target\":{\"@type\":\"EntryPoint\",\"urlTemplate\":\"https:\/\/www.autema.com\/es\/?s={search_term_string}\"},\"query-input\":{\"@type\":\"PropertyValueSpecification\",\"valueRequired\":true,\"valueName\":\"search_term_string\"}}],\"inLanguage\":\"es\"},{\"@type\":\"Organization\",\"@id\":\"https:\/\/www.autema.com\/es\/#organization\",\"name\":\"Autema - Autopista Terrassa-Manresa, S.A.\",\"url\":\"https:\/\/www.autema.com\/es\/\",\"logo\":{\"@type\":\"ImageObject\",\"inLanguage\":\"es\",\"@id\":\"https:\/\/www.autema.com\/es\/#\/schema\/logo\/image\/\",\"url\":\"https:\/\/static.autema.com\/wp-content\/uploads\/2018\/10\/01165821\/logo-color-2.svg\",\"contentUrl\":\"https:\/\/static.autema.com\/wp-content\/uploads\/2018\/10\/01165821\/logo-color-2.svg\",\"width\":1,\"height\":1,\"caption\":\"Autema - Autopista Terrassa-Manresa, S.A.\"},\"image\":{\"@id\":\"https:\/\/www.autema.com\/es\/#\/schema\/logo\/image\/\"}}]}<\/script>\n<!-- \/ Yoast SEO plugin. -->","yoast_head_json":{"title":"Sobre Autema - Autopista Sant-Cugat Terrassa Manresa | C16 - E9","description":"Autema est\u00e1 comprometida con la Calidad y el Medio Ambiente en su gesti\u00f3n. Dentro de esta pol\u00edtica, ponemos a disposici\u00f3n de nuestros Clientes un espacio en el que pueden mostrar su opini\u00f3n. Una opini\u00f3n que nos ayuda a seguir mejorando.","robots":{"index":"index","follow":"follow","max-snippet":"max-snippet:-1","max-image-preview":"max-image-preview:large","max-video-preview":"max-video-preview:-1"},"canonical":"https:\/\/www.autema.com\/es\/sobre-autema\/","og_locale":"es_ES","og_type":"article","og_title":"Sobre Autema - Autopista Sant-Cugat Terrassa Manresa | C16 - E9","og_description":"Autema est\u00e1 comprometida con la Calidad y el Medio Ambiente en su gesti\u00f3n. Dentro de esta pol\u00edtica, ponemos a disposici\u00f3n de nuestros Clientes un espacio en el que pueden mostrar su opini\u00f3n. Una opini\u00f3n que nos ayuda a seguir mejorando.","og_url":"https:\/\/www.autema.com\/es\/sobre-autema\/","og_site_name":"Autopista Sant-Cugat Terrassa Manresa | C16 - E9","article_modified_time":"2019-06-25T09:57:43+00:00","og_image":[{"width":4896,"height":3264,"url":"https:\/\/static.autema.com\/wp-content\/uploads\/2018\/10\/01165953\/CB2H6890.jpg","type":"image\/jpeg"}],"twitter_card":"summary_large_image","schema":{"@context":"https:\/\/schema.org","@graph":[{"@type":"WebPage","@id":"https:\/\/www.autema.com\/es\/sobre-autema\/","url":"https:\/\/www.autema.com\/es\/sobre-autema\/","name":"Sobre Autema - Autopista Sant-Cugat Terrassa Manresa | C16 - E9","isPartOf":{"@id":"https:\/\/www.autema.com\/es\/#website"},"primaryImageOfPage":{"@id":"https:\/\/www.autema.com\/es\/sobre-autema\/#primaryimage"},"image":{"@id":"https:\/\/www.autema.com\/es\/sobre-autema\/#primaryimage"},"thumbnailUrl":"https:\/\/static.autema.com\/wp-content\/uploads\/2018\/10\/01165953\/CB2H6890.jpg","datePublished":"2018-10-03T20:57:11+00:00","dateModified":"2019-06-25T09:57:43+00:00","description":"Autema est\u00e1 comprometida con la Calidad y el Medio Ambiente en su gesti\u00f3n. Dentro de esta pol\u00edtica, ponemos a disposici\u00f3n de nuestros Clientes un espacio en el que pueden mostrar su opini\u00f3n. Una opini\u00f3n que nos ayuda a seguir mejorando.","breadcrumb":{"@id":"https:\/\/www.autema.com\/es\/sobre-autema\/#breadcrumb"},"inLanguage":"es","potentialAction":[{"@type":"ReadAction","target":["https:\/\/www.autema.com\/es\/sobre-autema\/"]}]},{"@type":"ImageObject","inLanguage":"es","@id":"https:\/\/www.autema.com\/es\/sobre-autema\/#primaryimage","url":"https:\/\/static.autema.com\/wp-content\/uploads\/2018\/10\/01165953\/CB2H6890.jpg","contentUrl":"https:\/\/static.autema.com\/wp-content\/uploads\/2018\/10\/01165953\/CB2H6890.jpg","width":4896,"height":3264},{"@type":"BreadcrumbList","@id":"https:\/\/www.autema.com\/es\/sobre-autema\/#breadcrumb","itemListElement":[{"@type":"ListItem","position":1,"name":"Home","item":"https:\/\/www.autema.com\/es\/"},{"@type":"ListItem","position":2,"name":"Sobre Autema"}]},{"@type":"WebSite","@id":"https:\/\/www.autema.com\/es\/#website","url":"https:\/\/www.autema.com\/es\/","name":"Autopista Sant-Cugat Terrassa Manresa | C16 - E9","description":"Autopista Sant-Cugat Terrassa Manresa | C16 - E9","publisher":{"@id":"https:\/\/www.autema.com\/es\/#organization"},"potentialAction":[{"@type":"SearchAction","target":{"@type":"EntryPoint","urlTemplate":"https:\/\/www.autema.com\/es\/?s={search_term_string}"},"query-input":{"@type":"PropertyValueSpecification","valueRequired":true,"valueName":"search_term_string"}}],"inLanguage":"es"},{"@type":"Organization","@id":"https:\/\/www.autema.com\/es\/#organization","name":"Autema - Autopista Terrassa-Manresa, S.A.","url":"https:\/\/www.autema.com\/es\/","logo":{"@type":"ImageObject","inLanguage":"es","@id":"https:\/\/www.autema.com\/es\/#\/schema\/logo\/image\/","url":"https:\/\/static.autema.com\/wp-content\/uploads\/2018\/10\/01165821\/logo-color-2.svg","contentUrl":"https:\/\/static.autema.com\/wp-content\/uploads\/2018\/10\/01165821\/logo-color-2.svg","width":1,"height":1,"caption":"Autema - Autopista Terrassa-Manresa, S.A."},"image":{"@id":"https:\/\/www.autema.com\/es\/#\/schema\/logo\/image\/"}}]}},"_links":{"self":[{"href":"https:\/\/www.autema.com\/es\/wp-json\/wp\/v2\/pages\/4791","targetHints":{"allow":["GET"]}}],"collection":[{"href":"https:\/\/www.autema.com\/es\/wp-json\/wp\/v2\/pages"}],"about":[{"href":"https:\/\/www.autema.com\/es\/wp-json\/wp\/v2\/types\/page"}],"replies":[{"embeddable":true,"href":"https:\/\/www.autema.com\/es\/wp-json\/wp\/v2\/comments?post=4791"}],"version-history":[{"count":11,"href":"https:\/\/www.autema.com\/es\/wp-json\/wp\/v2\/pages\/4791\/revisions"}],"predecessor-version":[{"id":6670,"href":"https:\/\/www.autema.com\/es\/wp-json\/wp\/v2\/pages\/4791\/revisions\/6670"}],"wp:featuredmedia":[{"embeddable":true,"href":"https:\/\/www.autema.com\/es\/wp-json\/wp\/v2\/media\/5262"}],"wp:attachment":[{"href":"https:\/\/www.autema.com\/es\/wp-json\/wp\/v2\/media?parent=4791"}],"curies":[{"name":"wp","href":"https:\/\/api.w.org\/{rel}","templated":true}]}}