{"id":4808,"date":"2018-10-03T21:03:38","date_gmt":"2018-10-03T21:03:38","guid":{"rendered":"https:\/\/www.autema.com\/?page_id=4808"},"modified":"2019-07-04T13:55:13","modified_gmt":"2019-07-04T13:55:13","slug":"area-de-clientes","status":"publish","type":"page","link":"https:\/\/www.autema.com\/es\/servicios\/area-de-clientes\/","title":{"rendered":"\u00c1rea de clientes"},"content":{"rendered":"","protected":false},"excerpt":{"rendered":"","protected":false},"featured_media":0,"parent":5224,"menu_order":0,"comment_status":"closed","ping_status":"closed","template":"template-level_3.php","meta":{"_acf_changed":false,"footnotes":""},"class_list":["post-4808","page","type-page","status-publish","hentry"],"acf":[],"yoast_head":"<!-- This site is optimized with the Yoast SEO plugin v27.2 - https:\/\/yoast.com\/product\/yoast-seo-wordpress\/ -->\n<title>\u00c1rea de clientes - Autopista Sant-Cugat Terrassa Manresa | C16 - E9<\/title>\n<meta name=\"description\" content=\"Si necesita m\u00e1s informaci\u00f3n sobre tus tr\u00e1nsitos, recibir tu factura electr\u00f3nica, conocer tus recibos, hacer una sugerencia\u2026 Entra ahora en el \u00c1rea de Clientes de Autema y obt\u00e9n toda la informaci\u00f3n que necesitas en un click.\" \/>\n<meta name=\"robots\" content=\"index, follow, max-snippet:-1, max-image-preview:large, max-video-preview:-1\" \/>\n<link rel=\"canonical\" href=\"https:\/\/www.autema.com\/es\/servicios\/area-de-clientes\/\" \/>\n<meta property=\"og:locale\" content=\"es_ES\" \/>\n<meta property=\"og:type\" content=\"article\" \/>\n<meta property=\"og:title\" content=\"\u00c1rea de clientes - Autopista Sant-Cugat Terrassa Manresa | C16 - E9\" \/>\n<meta property=\"og:description\" content=\"Si necesita m\u00e1s informaci\u00f3n sobre tus tr\u00e1nsitos, recibir tu factura electr\u00f3nica, conocer tus recibos, hacer una sugerencia\u2026 Entra ahora en el \u00c1rea de Clientes de Autema y obt\u00e9n toda la informaci\u00f3n que necesitas en un click.\" \/>\n<meta property=\"og:url\" content=\"https:\/\/www.autema.com\/es\/servicios\/area-de-clientes\/\" \/>\n<meta property=\"og:site_name\" content=\"Autopista Sant-Cugat Terrassa Manresa | C16 - E9\" \/>\n<meta property=\"article:modified_time\" content=\"2019-07-04T13:55:13+00:00\" \/>\n<meta name=\"twitter:card\" content=\"summary_large_image\" \/>\n<script type=\"application\/ld+json\" class=\"yoast-schema-graph\">{\"@context\":\"https:\/\/schema.org\",\"@graph\":[{\"@type\":\"WebPage\",\"@id\":\"https:\/\/www.autema.com\/es\/servicios\/area-de-clientes\/\",\"url\":\"https:\/\/www.autema.com\/es\/servicios\/area-de-clientes\/\",\"name\":\"\u00c1rea de clientes - Autopista Sant-Cugat Terrassa Manresa | C16 - E9\",\"isPartOf\":{\"@id\":\"https:\/\/www.autema.com\/es\/#website\"},\"datePublished\":\"2018-10-03T21:03:38+00:00\",\"dateModified\":\"2019-07-04T13:55:13+00:00\",\"description\":\"Si necesita m\u00e1s informaci\u00f3n sobre tus tr\u00e1nsitos, recibir tu factura electr\u00f3nica, conocer tus recibos, hacer una sugerencia\u2026 Entra ahora en el \u00c1rea de Clientes de Autema y obt\u00e9n toda la informaci\u00f3n que necesitas en un click.\",\"breadcrumb\":{\"@id\":\"https:\/\/www.autema.com\/es\/servicios\/area-de-clientes\/#breadcrumb\"},\"inLanguage\":\"es\",\"potentialAction\":[{\"@type\":\"ReadAction\",\"target\":[\"https:\/\/www.autema.com\/es\/servicios\/area-de-clientes\/\"]}]},{\"@type\":\"BreadcrumbList\",\"@id\":\"https:\/\/www.autema.com\/es\/servicios\/area-de-clientes\/#breadcrumb\",\"itemListElement\":[{\"@type\":\"ListItem\",\"position\":1,\"name\":\"Home\",\"item\":\"https:\/\/www.autema.com\/es\/\"},{\"@type\":\"ListItem\",\"position\":2,\"name\":\"Servicios\",\"item\":\"https:\/\/www.autema.com\/es\/servicios\/\"},{\"@type\":\"ListItem\",\"position\":3,\"name\":\"\u00c1rea de clientes\"}]},{\"@type\":\"WebSite\",\"@id\":\"https:\/\/www.autema.com\/es\/#website\",\"url\":\"https:\/\/www.autema.com\/es\/\",\"name\":\"Autopista Sant-Cugat Terrassa Manresa | C16 - E9\",\"description\":\"Autopista Sant-Cugat Terrassa Manresa | C16 - E9\",\"publisher\":{\"@id\":\"https:\/\/www.autema.com\/es\/#organization\"},\"potentialAction\":[{\"@type\":\"SearchAction\",\"target\":{\"@type\":\"EntryPoint\",\"urlTemplate\":\"https:\/\/www.autema.com\/es\/?s={search_term_string}\"},\"query-input\":{\"@type\":\"PropertyValueSpecification\",\"valueRequired\":true,\"valueName\":\"search_term_string\"}}],\"inLanguage\":\"es\"},{\"@type\":\"Organization\",\"@id\":\"https:\/\/www.autema.com\/es\/#organization\",\"name\":\"Autema - Autopista Terrassa-Manresa, S.A.\",\"url\":\"https:\/\/www.autema.com\/es\/\",\"logo\":{\"@type\":\"ImageObject\",\"inLanguage\":\"es\",\"@id\":\"https:\/\/www.autema.com\/es\/#\/schema\/logo\/image\/\",\"url\":\"https:\/\/static.autema.com\/wp-content\/uploads\/2018\/10\/01165821\/logo-color-2.svg\",\"contentUrl\":\"https:\/\/static.autema.com\/wp-content\/uploads\/2018\/10\/01165821\/logo-color-2.svg\",\"width\":1,\"height\":1,\"caption\":\"Autema - Autopista Terrassa-Manresa, S.A.\"},\"image\":{\"@id\":\"https:\/\/www.autema.com\/es\/#\/schema\/logo\/image\/\"}}]}<\/script>\n<!-- \/ Yoast SEO plugin. -->","yoast_head_json":{"title":"\u00c1rea de clientes - Autopista Sant-Cugat Terrassa Manresa | C16 - E9","description":"Si necesita m\u00e1s informaci\u00f3n sobre tus tr\u00e1nsitos, recibir tu factura electr\u00f3nica, conocer tus recibos, hacer una sugerencia\u2026 Entra ahora en el \u00c1rea de Clientes de Autema y obt\u00e9n toda la informaci\u00f3n que necesitas en un click.","robots":{"index":"index","follow":"follow","max-snippet":"max-snippet:-1","max-image-preview":"max-image-preview:large","max-video-preview":"max-video-preview:-1"},"canonical":"https:\/\/www.autema.com\/es\/servicios\/area-de-clientes\/","og_locale":"es_ES","og_type":"article","og_title":"\u00c1rea de clientes - Autopista Sant-Cugat Terrassa Manresa | C16 - E9","og_description":"Si necesita m\u00e1s informaci\u00f3n sobre tus tr\u00e1nsitos, recibir tu factura electr\u00f3nica, conocer tus recibos, hacer una sugerencia\u2026 Entra ahora en el \u00c1rea de Clientes de Autema y obt\u00e9n toda la informaci\u00f3n que necesitas en un click.","og_url":"https:\/\/www.autema.com\/es\/servicios\/area-de-clientes\/","og_site_name":"Autopista Sant-Cugat Terrassa Manresa | C16 - E9","article_modified_time":"2019-07-04T13:55:13+00:00","twitter_card":"summary_large_image","schema":{"@context":"https:\/\/schema.org","@graph":[{"@type":"WebPage","@id":"https:\/\/www.autema.com\/es\/servicios\/area-de-clientes\/","url":"https:\/\/www.autema.com\/es\/servicios\/area-de-clientes\/","name":"\u00c1rea de clientes - Autopista Sant-Cugat Terrassa Manresa | C16 - E9","isPartOf":{"@id":"https:\/\/www.autema.com\/es\/#website"},"datePublished":"2018-10-03T21:03:38+00:00","dateModified":"2019-07-04T13:55:13+00:00","description":"Si necesita m\u00e1s informaci\u00f3n sobre tus tr\u00e1nsitos, recibir tu factura electr\u00f3nica, conocer tus recibos, hacer una sugerencia\u2026 Entra ahora en el \u00c1rea de Clientes de Autema y obt\u00e9n toda la informaci\u00f3n que necesitas en un click.","breadcrumb":{"@id":"https:\/\/www.autema.com\/es\/servicios\/area-de-clientes\/#breadcrumb"},"inLanguage":"es","potentialAction":[{"@type":"ReadAction","target":["https:\/\/www.autema.com\/es\/servicios\/area-de-clientes\/"]}]},{"@type":"BreadcrumbList","@id":"https:\/\/www.autema.com\/es\/servicios\/area-de-clientes\/#breadcrumb","itemListElement":[{"@type":"ListItem","position":1,"name":"Home","item":"https:\/\/www.autema.com\/es\/"},{"@type":"ListItem","position":2,"name":"Servicios","item":"https:\/\/www.autema.com\/es\/servicios\/"},{"@type":"ListItem","position":3,"name":"\u00c1rea de clientes"}]},{"@type":"WebSite","@id":"https:\/\/www.autema.com\/es\/#website","url":"https:\/\/www.autema.com\/es\/","name":"Autopista Sant-Cugat Terrassa Manresa | C16 - E9","description":"Autopista Sant-Cugat Terrassa Manresa | C16 - E9","publisher":{"@id":"https:\/\/www.autema.com\/es\/#organization"},"potentialAction":[{"@type":"SearchAction","target":{"@type":"EntryPoint","urlTemplate":"https:\/\/www.autema.com\/es\/?s={search_term_string}"},"query-input":{"@type":"PropertyValueSpecification","valueRequired":true,"valueName":"search_term_string"}}],"inLanguage":"es"},{"@type":"Organization","@id":"https:\/\/www.autema.com\/es\/#organization","name":"Autema - Autopista Terrassa-Manresa, S.A.","url":"https:\/\/www.autema.com\/es\/","logo":{"@type":"ImageObject","inLanguage":"es","@id":"https:\/\/www.autema.com\/es\/#\/schema\/logo\/image\/","url":"https:\/\/static.autema.com\/wp-content\/uploads\/2018\/10\/01165821\/logo-color-2.svg","contentUrl":"https:\/\/static.autema.com\/wp-content\/uploads\/2018\/10\/01165821\/logo-color-2.svg","width":1,"height":1,"caption":"Autema - Autopista Terrassa-Manresa, S.A."},"image":{"@id":"https:\/\/www.autema.com\/es\/#\/schema\/logo\/image\/"}}]}},"_links":{"self":[{"href":"https:\/\/www.autema.com\/es\/wp-json\/wp\/v2\/pages\/4808","targetHints":{"allow":["GET"]}}],"collection":[{"href":"https:\/\/www.autema.com\/es\/wp-json\/wp\/v2\/pages"}],"about":[{"href":"https:\/\/www.autema.com\/es\/wp-json\/wp\/v2\/types\/page"}],"replies":[{"embeddable":true,"href":"https:\/\/www.autema.com\/es\/wp-json\/wp\/v2\/comments?post=4808"}],"version-history":[{"count":14,"href":"https:\/\/www.autema.com\/es\/wp-json\/wp\/v2\/pages\/4808\/revisions"}],"predecessor-version":[{"id":16819,"href":"https:\/\/www.autema.com\/es\/wp-json\/wp\/v2\/pages\/4808\/revisions\/16819"}],"up":[{"embeddable":true,"href":"https:\/\/www.autema.com\/es\/wp-json\/wp\/v2\/pages\/5224"}],"wp:attachment":[{"href":"https:\/\/www.autema.com\/es\/wp-json\/wp\/v2\/media?parent=4808"}],"curies":[{"name":"wp","href":"https:\/\/api.w.org\/{rel}","templated":true}]}}