{"id":4819,"date":"2018-10-03T21:07:16","date_gmt":"2018-10-03T21:07:16","guid":{"rendered":"https:\/\/www.autema.com\/?page_id=4819"},"modified":"2023-09-20T06:08:49","modified_gmt":"2023-09-20T06:08:49","slug":"en-ruta","status":"publish","type":"page","link":"https:\/\/www.autema.com\/es\/en-ruta\/","title":{"rendered":"En ruta"},"content":{"rendered":"","protected":false},"excerpt":{"rendered":"","protected":false},"featured_media":5502,"parent":0,"menu_order":0,"comment_status":"closed","ping_status":"closed","template":"template-level_2.php","meta":{"_acf_changed":false,"footnotes":""},"class_list":["post-4819","page","type-page","status-publish","has-post-thumbnail","hentry"],"acf":[],"yoast_head":"<!-- This site is optimized with the Yoast SEO plugin v27.2 - https:\/\/yoast.com\/product\/yoast-seo-wordpress\/ -->\n<title>En ruta Autopista Sant Cugat- Terrassa- Manresa<\/title>\n<meta name=\"description\" content=\"La mejor informaci\u00f3n para hacer tu viaje m\u00e1s seguro y c\u00f3modo entre Sant-Cugat -Terrassa - Manresa. En Autema te informamos de las \u00e1reas de servicio y descanso que tienes a tu disposici\u00f3n y te proponemos un conjunto de destinos de inter\u00e9s. Conoce todos los detalles la autopista de Montserrat.\" \/>\n<meta name=\"robots\" content=\"index, follow, max-snippet:-1, max-image-preview:large, max-video-preview:-1\" \/>\n<link rel=\"canonical\" href=\"https:\/\/www.autema.com\/es\/en-ruta\/\" \/>\n<meta property=\"og:locale\" content=\"es_ES\" \/>\n<meta property=\"og:type\" content=\"article\" \/>\n<meta property=\"og:title\" content=\"En ruta Autopista Sant Cugat- Terrassa- Manresa\" \/>\n<meta property=\"og:description\" content=\"La mejor informaci\u00f3n para hacer tu viaje m\u00e1s seguro y c\u00f3modo entre Sant-Cugat -Terrassa - Manresa. En Autema te informamos de las \u00e1reas de servicio y descanso que tienes a tu disposici\u00f3n y te proponemos un conjunto de destinos de inter\u00e9s. Conoce todos los detalles la autopista de Montserrat.\" \/>\n<meta property=\"og:url\" content=\"https:\/\/www.autema.com\/es\/en-ruta\/\" \/>\n<meta property=\"og:site_name\" content=\"Autopista Sant-Cugat Terrassa Manresa | C16 - E9\" \/>\n<meta property=\"article:modified_time\" content=\"2023-09-20T06:08:49+00:00\" \/>\n<meta property=\"og:image\" content=\"https:\/\/static.autema.com\/wp-content\/uploads\/2018\/10\/01165921\/Alternativa-En-Ruta-1.jpg\" \/>\n\t<meta property=\"og:image:width\" content=\"3457\" \/>\n\t<meta property=\"og:image:height\" content=\"2305\" \/>\n\t<meta property=\"og:image:type\" content=\"image\/jpeg\" \/>\n<meta name=\"twitter:card\" content=\"summary_large_image\" \/>\n<meta name=\"twitter:label1\" content=\"Tiempo de lectura\" \/>\n\t<meta name=\"twitter:data1\" content=\"1 minuto\" \/>\n<script type=\"application\/ld+json\" class=\"yoast-schema-graph\">{\"@context\":\"https:\/\/schema.org\",\"@graph\":[{\"@type\":\"WebPage\",\"@id\":\"https:\/\/www.autema.com\/es\/en-ruta\/\",\"url\":\"https:\/\/www.autema.com\/es\/en-ruta\/\",\"name\":\"En ruta Autopista Sant Cugat- Terrassa- Manresa\",\"isPartOf\":{\"@id\":\"https:\/\/www.autema.com\/es\/#website\"},\"primaryImageOfPage\":{\"@id\":\"https:\/\/www.autema.com\/es\/en-ruta\/#primaryimage\"},\"image\":{\"@id\":\"https:\/\/www.autema.com\/es\/en-ruta\/#primaryimage\"},\"thumbnailUrl\":\"https:\/\/static.autema.com\/wp-content\/uploads\/2018\/10\/01165921\/Alternativa-En-Ruta-1.jpg\",\"datePublished\":\"2018-10-03T21:07:16+00:00\",\"dateModified\":\"2023-09-20T06:08:49+00:00\",\"description\":\"La mejor informaci\u00f3n para hacer tu viaje m\u00e1s seguro y c\u00f3modo entre Sant-Cugat -Terrassa - Manresa. En Autema te informamos de las \u00e1reas de servicio y descanso que tienes a tu disposici\u00f3n y te proponemos un conjunto de destinos de inter\u00e9s. Conoce todos los detalles la autopista de Montserrat.\",\"breadcrumb\":{\"@id\":\"https:\/\/www.autema.com\/es\/en-ruta\/#breadcrumb\"},\"inLanguage\":\"es\",\"potentialAction\":[{\"@type\":\"ReadAction\",\"target\":[\"https:\/\/www.autema.com\/es\/en-ruta\/\"]}]},{\"@type\":\"ImageObject\",\"inLanguage\":\"es\",\"@id\":\"https:\/\/www.autema.com\/es\/en-ruta\/#primaryimage\",\"url\":\"https:\/\/static.autema.com\/wp-content\/uploads\/2018\/10\/01165921\/Alternativa-En-Ruta-1.jpg\",\"contentUrl\":\"https:\/\/static.autema.com\/wp-content\/uploads\/2018\/10\/01165921\/Alternativa-En-Ruta-1.jpg\",\"width\":3457,\"height\":2305},{\"@type\":\"BreadcrumbList\",\"@id\":\"https:\/\/www.autema.com\/es\/en-ruta\/#breadcrumb\",\"itemListElement\":[{\"@type\":\"ListItem\",\"position\":1,\"name\":\"Home\",\"item\":\"https:\/\/www.autema.com\/es\/\"},{\"@type\":\"ListItem\",\"position\":2,\"name\":\"En ruta\"}]},{\"@type\":\"WebSite\",\"@id\":\"https:\/\/www.autema.com\/es\/#website\",\"url\":\"https:\/\/www.autema.com\/es\/\",\"name\":\"Autopista Sant-Cugat Terrassa Manresa | C16 - E9\",\"description\":\"Autopista Sant-Cugat Terrassa Manresa | C16 - E9\",\"publisher\":{\"@id\":\"https:\/\/www.autema.com\/es\/#organization\"},\"potentialAction\":[{\"@type\":\"SearchAction\",\"target\":{\"@type\":\"EntryPoint\",\"urlTemplate\":\"https:\/\/www.autema.com\/es\/?s={search_term_string}\"},\"query-input\":{\"@type\":\"PropertyValueSpecification\",\"valueRequired\":true,\"valueName\":\"search_term_string\"}}],\"inLanguage\":\"es\"},{\"@type\":\"Organization\",\"@id\":\"https:\/\/www.autema.com\/es\/#organization\",\"name\":\"Autema - Autopista Terrassa-Manresa, S.A.\",\"url\":\"https:\/\/www.autema.com\/es\/\",\"logo\":{\"@type\":\"ImageObject\",\"inLanguage\":\"es\",\"@id\":\"https:\/\/www.autema.com\/es\/#\/schema\/logo\/image\/\",\"url\":\"https:\/\/static.autema.com\/wp-content\/uploads\/2018\/10\/01165821\/logo-color-2.svg\",\"contentUrl\":\"https:\/\/static.autema.com\/wp-content\/uploads\/2018\/10\/01165821\/logo-color-2.svg\",\"width\":1,\"height\":1,\"caption\":\"Autema - Autopista Terrassa-Manresa, S.A.\"},\"image\":{\"@id\":\"https:\/\/www.autema.com\/es\/#\/schema\/logo\/image\/\"}}]}<\/script>\n<!-- \/ Yoast SEO plugin. -->","yoast_head_json":{"title":"En ruta Autopista Sant Cugat- Terrassa- Manresa","description":"La mejor informaci\u00f3n para hacer tu viaje m\u00e1s seguro y c\u00f3modo entre Sant-Cugat -Terrassa - Manresa. En Autema te informamos de las \u00e1reas de servicio y descanso que tienes a tu disposici\u00f3n y te proponemos un conjunto de destinos de inter\u00e9s. Conoce todos los detalles la autopista de Montserrat.","robots":{"index":"index","follow":"follow","max-snippet":"max-snippet:-1","max-image-preview":"max-image-preview:large","max-video-preview":"max-video-preview:-1"},"canonical":"https:\/\/www.autema.com\/es\/en-ruta\/","og_locale":"es_ES","og_type":"article","og_title":"En ruta Autopista Sant Cugat- Terrassa- Manresa","og_description":"La mejor informaci\u00f3n para hacer tu viaje m\u00e1s seguro y c\u00f3modo entre Sant-Cugat -Terrassa - Manresa. En Autema te informamos de las \u00e1reas de servicio y descanso que tienes a tu disposici\u00f3n y te proponemos un conjunto de destinos de inter\u00e9s. Conoce todos los detalles la autopista de Montserrat.","og_url":"https:\/\/www.autema.com\/es\/en-ruta\/","og_site_name":"Autopista Sant-Cugat Terrassa Manresa | C16 - E9","article_modified_time":"2023-09-20T06:08:49+00:00","og_image":[{"width":3457,"height":2305,"url":"https:\/\/static.autema.com\/wp-content\/uploads\/2018\/10\/01165921\/Alternativa-En-Ruta-1.jpg","type":"image\/jpeg"}],"twitter_card":"summary_large_image","twitter_misc":{"Tiempo de lectura":"1 minuto"},"schema":{"@context":"https:\/\/schema.org","@graph":[{"@type":"WebPage","@id":"https:\/\/www.autema.com\/es\/en-ruta\/","url":"https:\/\/www.autema.com\/es\/en-ruta\/","name":"En ruta Autopista Sant Cugat- Terrassa- Manresa","isPartOf":{"@id":"https:\/\/www.autema.com\/es\/#website"},"primaryImageOfPage":{"@id":"https:\/\/www.autema.com\/es\/en-ruta\/#primaryimage"},"image":{"@id":"https:\/\/www.autema.com\/es\/en-ruta\/#primaryimage"},"thumbnailUrl":"https:\/\/static.autema.com\/wp-content\/uploads\/2018\/10\/01165921\/Alternativa-En-Ruta-1.jpg","datePublished":"2018-10-03T21:07:16+00:00","dateModified":"2023-09-20T06:08:49+00:00","description":"La mejor informaci\u00f3n para hacer tu viaje m\u00e1s seguro y c\u00f3modo entre Sant-Cugat -Terrassa - Manresa. En Autema te informamos de las \u00e1reas de servicio y descanso que tienes a tu disposici\u00f3n y te proponemos un conjunto de destinos de inter\u00e9s. Conoce todos los detalles la autopista de Montserrat.","breadcrumb":{"@id":"https:\/\/www.autema.com\/es\/en-ruta\/#breadcrumb"},"inLanguage":"es","potentialAction":[{"@type":"ReadAction","target":["https:\/\/www.autema.com\/es\/en-ruta\/"]}]},{"@type":"ImageObject","inLanguage":"es","@id":"https:\/\/www.autema.com\/es\/en-ruta\/#primaryimage","url":"https:\/\/static.autema.com\/wp-content\/uploads\/2018\/10\/01165921\/Alternativa-En-Ruta-1.jpg","contentUrl":"https:\/\/static.autema.com\/wp-content\/uploads\/2018\/10\/01165921\/Alternativa-En-Ruta-1.jpg","width":3457,"height":2305},{"@type":"BreadcrumbList","@id":"https:\/\/www.autema.com\/es\/en-ruta\/#breadcrumb","itemListElement":[{"@type":"ListItem","position":1,"name":"Home","item":"https:\/\/www.autema.com\/es\/"},{"@type":"ListItem","position":2,"name":"En ruta"}]},{"@type":"WebSite","@id":"https:\/\/www.autema.com\/es\/#website","url":"https:\/\/www.autema.com\/es\/","name":"Autopista Sant-Cugat Terrassa Manresa | C16 - E9","description":"Autopista Sant-Cugat Terrassa Manresa | C16 - E9","publisher":{"@id":"https:\/\/www.autema.com\/es\/#organization"},"potentialAction":[{"@type":"SearchAction","target":{"@type":"EntryPoint","urlTemplate":"https:\/\/www.autema.com\/es\/?s={search_term_string}"},"query-input":{"@type":"PropertyValueSpecification","valueRequired":true,"valueName":"search_term_string"}}],"inLanguage":"es"},{"@type":"Organization","@id":"https:\/\/www.autema.com\/es\/#organization","name":"Autema - Autopista Terrassa-Manresa, S.A.","url":"https:\/\/www.autema.com\/es\/","logo":{"@type":"ImageObject","inLanguage":"es","@id":"https:\/\/www.autema.com\/es\/#\/schema\/logo\/image\/","url":"https:\/\/static.autema.com\/wp-content\/uploads\/2018\/10\/01165821\/logo-color-2.svg","contentUrl":"https:\/\/static.autema.com\/wp-content\/uploads\/2018\/10\/01165821\/logo-color-2.svg","width":1,"height":1,"caption":"Autema - Autopista Terrassa-Manresa, S.A."},"image":{"@id":"https:\/\/www.autema.com\/es\/#\/schema\/logo\/image\/"}}]}},"_links":{"self":[{"href":"https:\/\/www.autema.com\/es\/wp-json\/wp\/v2\/pages\/4819","targetHints":{"allow":["GET"]}}],"collection":[{"href":"https:\/\/www.autema.com\/es\/wp-json\/wp\/v2\/pages"}],"about":[{"href":"https:\/\/www.autema.com\/es\/wp-json\/wp\/v2\/types\/page"}],"replies":[{"embeddable":true,"href":"https:\/\/www.autema.com\/es\/wp-json\/wp\/v2\/comments?post=4819"}],"version-history":[{"count":34,"href":"https:\/\/www.autema.com\/es\/wp-json\/wp\/v2\/pages\/4819\/revisions"}],"predecessor-version":[{"id":16327,"href":"https:\/\/www.autema.com\/es\/wp-json\/wp\/v2\/pages\/4819\/revisions\/16327"}],"wp:featuredmedia":[{"embeddable":true,"href":"https:\/\/www.autema.com\/es\/wp-json\/wp\/v2\/media\/5502"}],"wp:attachment":[{"href":"https:\/\/www.autema.com\/es\/wp-json\/wp\/v2\/media?parent=4819"}],"curies":[{"name":"wp","href":"https:\/\/api.w.org\/{rel}","templated":true}]}}