{"id":5168,"date":"2018-10-18T20:37:58","date_gmt":"2018-10-18T20:37:58","guid":{"rendered":"https:\/\/www.autema.com\/?page_id=5168"},"modified":"2019-07-04T12:24:09","modified_gmt":"2019-07-04T12:24:09","slug":"politica-de-cookies","status":"publish","type":"page","link":"https:\/\/www.autema.com\/es\/politica-de-cookies\/","title":{"rendered":"Pol\u00edtica de cookies"},"content":{"rendered":"","protected":false},"excerpt":{"rendered":"","protected":false},"featured_media":0,"parent":0,"menu_order":0,"comment_status":"closed","ping_status":"closed","template":"","meta":{"_acf_changed":false,"footnotes":""},"class_list":["post-5168","page","type-page","status-publish","hentry"],"acf":[],"yoast_head":"<!-- This site is optimized with the Yoast SEO plugin v27.2 - https:\/\/yoast.com\/product\/yoast-seo-wordpress\/ -->\n<title>Pol\u00edtica de cookies - Autopista Sant-Cugat Terrassa Manresa | C16 - E9<\/title>\n<meta name=\"description\" content=\"Desde autopista Autema Terrassa-Manresa, concesionaria de la Generalitat de Catalu\u00f1a S.A. Te ofrecemos la informaci\u00f3n necesaria sobre las cookies utilizadas en el sitio web, para que tengas plena capacidad de decisi\u00f3n sobre el uso de las mismas y con respecto a la protecci\u00f3n de tu privacidad.\" \/>\n<meta name=\"robots\" content=\"index, follow, max-snippet:-1, max-image-preview:large, max-video-preview:-1\" \/>\n<link rel=\"canonical\" href=\"https:\/\/www.autema.com\/es\/politica-de-cookies\/\" \/>\n<meta property=\"og:locale\" content=\"es_ES\" \/>\n<meta property=\"og:type\" content=\"article\" \/>\n<meta property=\"og:title\" content=\"Pol\u00edtica de cookies - Autopista Sant-Cugat Terrassa Manresa | C16 - E9\" \/>\n<meta property=\"og:description\" content=\"Desde autopista Autema Terrassa-Manresa, concesionaria de la Generalitat de Catalu\u00f1a S.A. Te ofrecemos la informaci\u00f3n necesaria sobre las cookies utilizadas en el sitio web, para que tengas plena capacidad de decisi\u00f3n sobre el uso de las mismas y con respecto a la protecci\u00f3n de tu privacidad.\" \/>\n<meta property=\"og:url\" content=\"https:\/\/www.autema.com\/es\/politica-de-cookies\/\" \/>\n<meta property=\"og:site_name\" content=\"Autopista Sant-Cugat Terrassa Manresa | C16 - E9\" \/>\n<meta property=\"article:modified_time\" content=\"2019-07-04T12:24:09+00:00\" \/>\n<meta name=\"twitter:card\" content=\"summary_large_image\" \/>\n<script type=\"application\/ld+json\" class=\"yoast-schema-graph\">{\"@context\":\"https:\/\/schema.org\",\"@graph\":[{\"@type\":\"WebPage\",\"@id\":\"https:\/\/www.autema.com\/es\/politica-de-cookies\/\",\"url\":\"https:\/\/www.autema.com\/es\/politica-de-cookies\/\",\"name\":\"Pol\u00edtica de cookies - Autopista Sant-Cugat Terrassa Manresa | C16 - E9\",\"isPartOf\":{\"@id\":\"https:\/\/www.autema.com\/es\/#website\"},\"datePublished\":\"2018-10-18T20:37:58+00:00\",\"dateModified\":\"2019-07-04T12:24:09+00:00\",\"description\":\"Desde autopista Autema Terrassa-Manresa, concesionaria de la Generalitat de Catalu\u00f1a S.A. Te ofrecemos la informaci\u00f3n necesaria sobre las cookies utilizadas en el sitio web, para que tengas plena capacidad de decisi\u00f3n sobre el uso de las mismas y con respecto a la protecci\u00f3n de tu privacidad.\",\"breadcrumb\":{\"@id\":\"https:\/\/www.autema.com\/es\/politica-de-cookies\/#breadcrumb\"},\"inLanguage\":\"es\",\"potentialAction\":[{\"@type\":\"ReadAction\",\"target\":[\"https:\/\/www.autema.com\/es\/politica-de-cookies\/\"]}]},{\"@type\":\"BreadcrumbList\",\"@id\":\"https:\/\/www.autema.com\/es\/politica-de-cookies\/#breadcrumb\",\"itemListElement\":[{\"@type\":\"ListItem\",\"position\":1,\"name\":\"Home\",\"item\":\"https:\/\/www.autema.com\/es\/\"},{\"@type\":\"ListItem\",\"position\":2,\"name\":\"Pol\u00edtica de cookies\"}]},{\"@type\":\"WebSite\",\"@id\":\"https:\/\/www.autema.com\/es\/#website\",\"url\":\"https:\/\/www.autema.com\/es\/\",\"name\":\"Autopista Sant-Cugat Terrassa Manresa | C16 - E9\",\"description\":\"Autopista Sant-Cugat Terrassa Manresa | C16 - E9\",\"publisher\":{\"@id\":\"https:\/\/www.autema.com\/es\/#organization\"},\"potentialAction\":[{\"@type\":\"SearchAction\",\"target\":{\"@type\":\"EntryPoint\",\"urlTemplate\":\"https:\/\/www.autema.com\/es\/?s={search_term_string}\"},\"query-input\":{\"@type\":\"PropertyValueSpecification\",\"valueRequired\":true,\"valueName\":\"search_term_string\"}}],\"inLanguage\":\"es\"},{\"@type\":\"Organization\",\"@id\":\"https:\/\/www.autema.com\/es\/#organization\",\"name\":\"Autema - Autopista Terrassa-Manresa, S.A.\",\"url\":\"https:\/\/www.autema.com\/es\/\",\"logo\":{\"@type\":\"ImageObject\",\"inLanguage\":\"es\",\"@id\":\"https:\/\/www.autema.com\/es\/#\/schema\/logo\/image\/\",\"url\":\"https:\/\/static.autema.com\/wp-content\/uploads\/2018\/10\/01165821\/logo-color-2.svg\",\"contentUrl\":\"https:\/\/static.autema.com\/wp-content\/uploads\/2018\/10\/01165821\/logo-color-2.svg\",\"width\":1,\"height\":1,\"caption\":\"Autema - Autopista Terrassa-Manresa, S.A.\"},\"image\":{\"@id\":\"https:\/\/www.autema.com\/es\/#\/schema\/logo\/image\/\"}}]}<\/script>\n<!-- \/ Yoast SEO plugin. -->","yoast_head_json":{"title":"Pol\u00edtica de cookies - Autopista Sant-Cugat Terrassa Manresa | C16 - E9","description":"Desde autopista Autema Terrassa-Manresa, concesionaria de la Generalitat de Catalu\u00f1a S.A. Te ofrecemos la informaci\u00f3n necesaria sobre las cookies utilizadas en el sitio web, para que tengas plena capacidad de decisi\u00f3n sobre el uso de las mismas y con respecto a la protecci\u00f3n de tu privacidad.","robots":{"index":"index","follow":"follow","max-snippet":"max-snippet:-1","max-image-preview":"max-image-preview:large","max-video-preview":"max-video-preview:-1"},"canonical":"https:\/\/www.autema.com\/es\/politica-de-cookies\/","og_locale":"es_ES","og_type":"article","og_title":"Pol\u00edtica de cookies - Autopista Sant-Cugat Terrassa Manresa | C16 - E9","og_description":"Desde autopista Autema Terrassa-Manresa, concesionaria de la Generalitat de Catalu\u00f1a S.A. Te ofrecemos la informaci\u00f3n necesaria sobre las cookies utilizadas en el sitio web, para que tengas plena capacidad de decisi\u00f3n sobre el uso de las mismas y con respecto a la protecci\u00f3n de tu privacidad.","og_url":"https:\/\/www.autema.com\/es\/politica-de-cookies\/","og_site_name":"Autopista Sant-Cugat Terrassa Manresa | C16 - E9","article_modified_time":"2019-07-04T12:24:09+00:00","twitter_card":"summary_large_image","schema":{"@context":"https:\/\/schema.org","@graph":[{"@type":"WebPage","@id":"https:\/\/www.autema.com\/es\/politica-de-cookies\/","url":"https:\/\/www.autema.com\/es\/politica-de-cookies\/","name":"Pol\u00edtica de cookies - Autopista Sant-Cugat Terrassa Manresa | C16 - E9","isPartOf":{"@id":"https:\/\/www.autema.com\/es\/#website"},"datePublished":"2018-10-18T20:37:58+00:00","dateModified":"2019-07-04T12:24:09+00:00","description":"Desde autopista Autema Terrassa-Manresa, concesionaria de la Generalitat de Catalu\u00f1a S.A. Te ofrecemos la informaci\u00f3n necesaria sobre las cookies utilizadas en el sitio web, para que tengas plena capacidad de decisi\u00f3n sobre el uso de las mismas y con respecto a la protecci\u00f3n de tu privacidad.","breadcrumb":{"@id":"https:\/\/www.autema.com\/es\/politica-de-cookies\/#breadcrumb"},"inLanguage":"es","potentialAction":[{"@type":"ReadAction","target":["https:\/\/www.autema.com\/es\/politica-de-cookies\/"]}]},{"@type":"BreadcrumbList","@id":"https:\/\/www.autema.com\/es\/politica-de-cookies\/#breadcrumb","itemListElement":[{"@type":"ListItem","position":1,"name":"Home","item":"https:\/\/www.autema.com\/es\/"},{"@type":"ListItem","position":2,"name":"Pol\u00edtica de cookies"}]},{"@type":"WebSite","@id":"https:\/\/www.autema.com\/es\/#website","url":"https:\/\/www.autema.com\/es\/","name":"Autopista Sant-Cugat Terrassa Manresa | C16 - E9","description":"Autopista Sant-Cugat Terrassa Manresa | C16 - E9","publisher":{"@id":"https:\/\/www.autema.com\/es\/#organization"},"potentialAction":[{"@type":"SearchAction","target":{"@type":"EntryPoint","urlTemplate":"https:\/\/www.autema.com\/es\/?s={search_term_string}"},"query-input":{"@type":"PropertyValueSpecification","valueRequired":true,"valueName":"search_term_string"}}],"inLanguage":"es"},{"@type":"Organization","@id":"https:\/\/www.autema.com\/es\/#organization","name":"Autema - Autopista Terrassa-Manresa, S.A.","url":"https:\/\/www.autema.com\/es\/","logo":{"@type":"ImageObject","inLanguage":"es","@id":"https:\/\/www.autema.com\/es\/#\/schema\/logo\/image\/","url":"https:\/\/static.autema.com\/wp-content\/uploads\/2018\/10\/01165821\/logo-color-2.svg","contentUrl":"https:\/\/static.autema.com\/wp-content\/uploads\/2018\/10\/01165821\/logo-color-2.svg","width":1,"height":1,"caption":"Autema - Autopista Terrassa-Manresa, S.A."},"image":{"@id":"https:\/\/www.autema.com\/es\/#\/schema\/logo\/image\/"}}]}},"_links":{"self":[{"href":"https:\/\/www.autema.com\/es\/wp-json\/wp\/v2\/pages\/5168","targetHints":{"allow":["GET"]}}],"collection":[{"href":"https:\/\/www.autema.com\/es\/wp-json\/wp\/v2\/pages"}],"about":[{"href":"https:\/\/www.autema.com\/es\/wp-json\/wp\/v2\/types\/page"}],"replies":[{"embeddable":true,"href":"https:\/\/www.autema.com\/es\/wp-json\/wp\/v2\/comments?post=5168"}],"version-history":[{"count":4,"href":"https:\/\/www.autema.com\/es\/wp-json\/wp\/v2\/pages\/5168\/revisions"}],"predecessor-version":[{"id":6662,"href":"https:\/\/www.autema.com\/es\/wp-json\/wp\/v2\/pages\/5168\/revisions\/6662"}],"wp:attachment":[{"href":"https:\/\/www.autema.com\/es\/wp-json\/wp\/v2\/media?parent=5168"}],"curies":[{"name":"wp","href":"https:\/\/api.w.org\/{rel}","templated":true}]}}