{"id":5714,"date":"2018-10-30T09:45:18","date_gmt":"2018-10-30T09:45:18","guid":{"rendered":"https:\/\/www.autema.com\/?page_id=5714"},"modified":"2020-11-05T14:59:09","modified_gmt":"2020-11-05T14:59:09","slug":"dejanos-tu-opinion","status":"publish","type":"page","link":"https:\/\/www.autema.com\/es\/tarifas-y-descuentos\/dejanos-tu-opinion\/","title":{"rendered":"D\u00e9janos tu opinion"},"content":{"rendered":"","protected":false},"excerpt":{"rendered":"","protected":false},"featured_media":0,"parent":5198,"menu_order":0,"comment_status":"closed","ping_status":"closed","template":"template-level_3.php","meta":{"_acf_changed":false,"footnotes":""},"class_list":["post-5714","page","type-page","status-publish","hentry"],"acf":[],"yoast_head":"<!-- This site is optimized with the Yoast SEO plugin v27.2 - https:\/\/yoast.com\/product\/yoast-seo-wordpress\/ -->\n<title>D\u00e9janos tu opinion - Autopista Sant-Cugat Terrassa Manresa | C16 - E9<\/title>\n<meta name=\"description\" content=\"Consulta toda la informaci\u00f3n de inter\u00e9s sobre Autema. \u00bfQuieres concocer los mejores destinos tur\u00edsticos de la zona?, \u00bfneceistas encontrar un taller o una gaolinera? En Autema te ayudamos.\" \/>\n<meta name=\"robots\" content=\"index, follow, max-snippet:-1, max-image-preview:large, max-video-preview:-1\" \/>\n<link rel=\"canonical\" href=\"https:\/\/www.autema.com\/es\/tarifas-y-descuentos\/dejanos-tu-opinion\/\" \/>\n<meta property=\"og:locale\" content=\"es_ES\" \/>\n<meta property=\"og:type\" content=\"article\" \/>\n<meta property=\"og:title\" content=\"D\u00e9janos tu opinion - Autopista Sant-Cugat Terrassa Manresa | C16 - E9\" \/>\n<meta property=\"og:description\" content=\"Consulta toda la informaci\u00f3n de inter\u00e9s sobre Autema. \u00bfQuieres concocer los mejores destinos tur\u00edsticos de la zona?, \u00bfneceistas encontrar un taller o una gaolinera? En Autema te ayudamos.\" \/>\n<meta property=\"og:url\" content=\"https:\/\/www.autema.com\/es\/tarifas-y-descuentos\/dejanos-tu-opinion\/\" \/>\n<meta property=\"og:site_name\" content=\"Autopista Sant-Cugat Terrassa Manresa | C16 - E9\" \/>\n<meta property=\"article:modified_time\" content=\"2020-11-05T14:59:09+00:00\" \/>\n<meta name=\"twitter:card\" content=\"summary_large_image\" \/>\n<script type=\"application\/ld+json\" class=\"yoast-schema-graph\">{\"@context\":\"https:\/\/schema.org\",\"@graph\":[{\"@type\":\"WebPage\",\"@id\":\"https:\/\/www.autema.com\/es\/tarifas-y-descuentos\/dejanos-tu-opinion\/\",\"url\":\"https:\/\/www.autema.com\/es\/tarifas-y-descuentos\/dejanos-tu-opinion\/\",\"name\":\"D\u00e9janos tu opinion - Autopista Sant-Cugat Terrassa Manresa | C16 - E9\",\"isPartOf\":{\"@id\":\"https:\/\/www.autema.com\/es\/#website\"},\"datePublished\":\"2018-10-30T09:45:18+00:00\",\"dateModified\":\"2020-11-05T14:59:09+00:00\",\"description\":\"Consulta toda la informaci\u00f3n de inter\u00e9s sobre Autema. \u00bfQuieres concocer los mejores destinos tur\u00edsticos de la zona?, \u00bfneceistas encontrar un taller o una gaolinera? En Autema te ayudamos.\",\"breadcrumb\":{\"@id\":\"https:\/\/www.autema.com\/es\/tarifas-y-descuentos\/dejanos-tu-opinion\/#breadcrumb\"},\"inLanguage\":\"es\",\"potentialAction\":[{\"@type\":\"ReadAction\",\"target\":[\"https:\/\/www.autema.com\/es\/tarifas-y-descuentos\/dejanos-tu-opinion\/\"]}]},{\"@type\":\"BreadcrumbList\",\"@id\":\"https:\/\/www.autema.com\/es\/tarifas-y-descuentos\/dejanos-tu-opinion\/#breadcrumb\",\"itemListElement\":[{\"@type\":\"ListItem\",\"position\":1,\"name\":\"Home\",\"item\":\"https:\/\/www.autema.com\/es\/\"},{\"@type\":\"ListItem\",\"position\":2,\"name\":\"Tarifas y descuentos\",\"item\":\"https:\/\/www.autema.com\/es\/tarifas-y-descuentos\/\"},{\"@type\":\"ListItem\",\"position\":3,\"name\":\"D\u00e9janos tu opinion\"}]},{\"@type\":\"WebSite\",\"@id\":\"https:\/\/www.autema.com\/es\/#website\",\"url\":\"https:\/\/www.autema.com\/es\/\",\"name\":\"Autopista Sant-Cugat Terrassa Manresa | C16 - E9\",\"description\":\"Autopista Sant-Cugat Terrassa Manresa | C16 - E9\",\"publisher\":{\"@id\":\"https:\/\/www.autema.com\/es\/#organization\"},\"potentialAction\":[{\"@type\":\"SearchAction\",\"target\":{\"@type\":\"EntryPoint\",\"urlTemplate\":\"https:\/\/www.autema.com\/es\/?s={search_term_string}\"},\"query-input\":{\"@type\":\"PropertyValueSpecification\",\"valueRequired\":true,\"valueName\":\"search_term_string\"}}],\"inLanguage\":\"es\"},{\"@type\":\"Organization\",\"@id\":\"https:\/\/www.autema.com\/es\/#organization\",\"name\":\"Autema - Autopista Terrassa-Manresa, S.A.\",\"url\":\"https:\/\/www.autema.com\/es\/\",\"logo\":{\"@type\":\"ImageObject\",\"inLanguage\":\"es\",\"@id\":\"https:\/\/www.autema.com\/es\/#\/schema\/logo\/image\/\",\"url\":\"https:\/\/static.autema.com\/wp-content\/uploads\/2018\/10\/01165821\/logo-color-2.svg\",\"contentUrl\":\"https:\/\/static.autema.com\/wp-content\/uploads\/2018\/10\/01165821\/logo-color-2.svg\",\"width\":1,\"height\":1,\"caption\":\"Autema - Autopista Terrassa-Manresa, S.A.\"},\"image\":{\"@id\":\"https:\/\/www.autema.com\/es\/#\/schema\/logo\/image\/\"}}]}<\/script>\n<!-- \/ Yoast SEO plugin. -->","yoast_head_json":{"title":"D\u00e9janos tu opinion - Autopista Sant-Cugat Terrassa Manresa | C16 - E9","description":"Consulta toda la informaci\u00f3n de inter\u00e9s sobre Autema. \u00bfQuieres concocer los mejores destinos tur\u00edsticos de la zona?, \u00bfneceistas encontrar un taller o una gaolinera? En Autema te ayudamos.","robots":{"index":"index","follow":"follow","max-snippet":"max-snippet:-1","max-image-preview":"max-image-preview:large","max-video-preview":"max-video-preview:-1"},"canonical":"https:\/\/www.autema.com\/es\/tarifas-y-descuentos\/dejanos-tu-opinion\/","og_locale":"es_ES","og_type":"article","og_title":"D\u00e9janos tu opinion - Autopista Sant-Cugat Terrassa Manresa | C16 - E9","og_description":"Consulta toda la informaci\u00f3n de inter\u00e9s sobre Autema. \u00bfQuieres concocer los mejores destinos tur\u00edsticos de la zona?, \u00bfneceistas encontrar un taller o una gaolinera? En Autema te ayudamos.","og_url":"https:\/\/www.autema.com\/es\/tarifas-y-descuentos\/dejanos-tu-opinion\/","og_site_name":"Autopista Sant-Cugat Terrassa Manresa | C16 - E9","article_modified_time":"2020-11-05T14:59:09+00:00","twitter_card":"summary_large_image","schema":{"@context":"https:\/\/schema.org","@graph":[{"@type":"WebPage","@id":"https:\/\/www.autema.com\/es\/tarifas-y-descuentos\/dejanos-tu-opinion\/","url":"https:\/\/www.autema.com\/es\/tarifas-y-descuentos\/dejanos-tu-opinion\/","name":"D\u00e9janos tu opinion - Autopista Sant-Cugat Terrassa Manresa | C16 - E9","isPartOf":{"@id":"https:\/\/www.autema.com\/es\/#website"},"datePublished":"2018-10-30T09:45:18+00:00","dateModified":"2020-11-05T14:59:09+00:00","description":"Consulta toda la informaci\u00f3n de inter\u00e9s sobre Autema. \u00bfQuieres concocer los mejores destinos tur\u00edsticos de la zona?, \u00bfneceistas encontrar un taller o una gaolinera? En Autema te ayudamos.","breadcrumb":{"@id":"https:\/\/www.autema.com\/es\/tarifas-y-descuentos\/dejanos-tu-opinion\/#breadcrumb"},"inLanguage":"es","potentialAction":[{"@type":"ReadAction","target":["https:\/\/www.autema.com\/es\/tarifas-y-descuentos\/dejanos-tu-opinion\/"]}]},{"@type":"BreadcrumbList","@id":"https:\/\/www.autema.com\/es\/tarifas-y-descuentos\/dejanos-tu-opinion\/#breadcrumb","itemListElement":[{"@type":"ListItem","position":1,"name":"Home","item":"https:\/\/www.autema.com\/es\/"},{"@type":"ListItem","position":2,"name":"Tarifas y descuentos","item":"https:\/\/www.autema.com\/es\/tarifas-y-descuentos\/"},{"@type":"ListItem","position":3,"name":"D\u00e9janos tu opinion"}]},{"@type":"WebSite","@id":"https:\/\/www.autema.com\/es\/#website","url":"https:\/\/www.autema.com\/es\/","name":"Autopista Sant-Cugat Terrassa Manresa | C16 - E9","description":"Autopista Sant-Cugat Terrassa Manresa | C16 - E9","publisher":{"@id":"https:\/\/www.autema.com\/es\/#organization"},"potentialAction":[{"@type":"SearchAction","target":{"@type":"EntryPoint","urlTemplate":"https:\/\/www.autema.com\/es\/?s={search_term_string}"},"query-input":{"@type":"PropertyValueSpecification","valueRequired":true,"valueName":"search_term_string"}}],"inLanguage":"es"},{"@type":"Organization","@id":"https:\/\/www.autema.com\/es\/#organization","name":"Autema - Autopista Terrassa-Manresa, S.A.","url":"https:\/\/www.autema.com\/es\/","logo":{"@type":"ImageObject","inLanguage":"es","@id":"https:\/\/www.autema.com\/es\/#\/schema\/logo\/image\/","url":"https:\/\/static.autema.com\/wp-content\/uploads\/2018\/10\/01165821\/logo-color-2.svg","contentUrl":"https:\/\/static.autema.com\/wp-content\/uploads\/2018\/10\/01165821\/logo-color-2.svg","width":1,"height":1,"caption":"Autema - Autopista Terrassa-Manresa, S.A."},"image":{"@id":"https:\/\/www.autema.com\/es\/#\/schema\/logo\/image\/"}}]}},"_links":{"self":[{"href":"https:\/\/www.autema.com\/es\/wp-json\/wp\/v2\/pages\/5714","targetHints":{"allow":["GET"]}}],"collection":[{"href":"https:\/\/www.autema.com\/es\/wp-json\/wp\/v2\/pages"}],"about":[{"href":"https:\/\/www.autema.com\/es\/wp-json\/wp\/v2\/types\/page"}],"replies":[{"embeddable":true,"href":"https:\/\/www.autema.com\/es\/wp-json\/wp\/v2\/comments?post=5714"}],"version-history":[{"count":7,"href":"https:\/\/www.autema.com\/es\/wp-json\/wp\/v2\/pages\/5714\/revisions"}],"predecessor-version":[{"id":15902,"href":"https:\/\/www.autema.com\/es\/wp-json\/wp\/v2\/pages\/5714\/revisions\/15902"}],"up":[{"embeddable":true,"href":"https:\/\/www.autema.com\/es\/wp-json\/wp\/v2\/pages\/5198"}],"wp:attachment":[{"href":"https:\/\/www.autema.com\/es\/wp-json\/wp\/v2\/media?parent=5714"}],"curies":[{"name":"wp","href":"https:\/\/api.w.org\/{rel}","templated":true}]}}